{"id":1469,"date":"2022-11-28T19:57:51","date_gmt":"2022-11-28T18:57:51","guid":{"rendered":"https:\/\/www.aurasailing.nl\/blog-2\/"},"modified":"2024-11-28T21:59:51","modified_gmt":"2024-11-28T20:59:51","slug":"faq","status":"publish","type":"page","link":"https:\/\/www.aurasailing.nl\/de\/faq\/","title":{"rendered":"FAQ"},"content":{"rendered":"<div class=\"section-wrapper\" data-id=\"mu4tFP\"><section class=\"wp-block-gutenverse-section guten-element guten-section guten-mu4tFP layout-boxed align-stretch\"><div class=\"guten-background-overlay\"><\/div><div class=\"guten-container guten-column-gap-default\">\n<div class=\"wp-block-gutenverse-column guten-element guten-column guten-dCCGby\"><div class=\"guten-column-wrapper\" data-id=\"dCCGby\">\n<h2 class=\"wp-block-gutenverse-heading guten-element guten-KMHgOA animated guten-element-hide desktop-fadeInUp\">H\u00c4UFIG GESTELLTE FRAGEN<\/h2>\n<\/div><\/div>\n<\/div><\/section><\/div>\n\n\n\n<div class=\"section-wrapper\" data-id=\"2cw8B7\"><section class=\"wp-block-gutenverse-section guten-element guten-section guten-2cw8B7 layout-boxed align-stretch\"><div class=\"guten-container guten-column-gap-no\">\n<div class=\"wp-block-gutenverse-column guten-element guten-column guten-tCwytO\"><div class=\"guten-column-wrapper\" data-id=\"tCwytO\">\n<h2 class=\"wp-block-gutenverse-heading guten-element guten-3kS4kk animated guten-element-hide desktop-fadeInLeft\">Fragen und Antworten<\/h2>\n<\/div><\/div>\n<\/div><\/section><\/div>\n\n\n\n<div class=\"section-wrapper\" data-id=\"B9m64O\"><section class=\"wp-block-gutenverse-section guten-element guten-section guten-B9m64O layout-boxed align-stretch\"><div class=\"guten-container guten-column-gap-default\">\n<div class=\"wp-block-gutenverse-column guten-element guten-column guten-TZCx0S\"><div class=\"guten-column-wrapper\" data-id=\"TZCx0S\">\n<div class=\"guten-element guten-accordions guten-sKy7Nd\">\n<div class=\"accordion-item guten-DLc6NL\"><div class=\"accordion-heading\"><div class=\"accordion-icon\"><span class=\"accordion-icon-open\"><i class=\"gtn gtn-minus-light\"><\/i><\/span><span class=\"accordion-icon-closed\"><i class=\"gtn gtn-plus-light\"><\/i><\/span><\/div><span class=\"accordion-text\">Welche Segelerfahrung muss ich f\u00fcr einen Kurs bei Aura Sailing mitbringen?<\/span><\/div><div class=\"accordion-body\"><div class=\"accordion-content\">\n<p>Es ist keine Erfahrung erforderlich. Aura Sailing bietet Kurse auf jedem Niveau an. F\u00fcr Anf\u00e4nger und Fortgeschrittene, f\u00fcr Nicht-Gezeiten- und Gezeitensegeln<\/p>\n<\/div><\/div><\/div>\n\n\n\n<div class=\"accordion-item guten-e73Bda\"><div class=\"accordion-heading\"><div class=\"accordion-icon\"><span class=\"accordion-icon-open\"><i class=\"gtn gtn-minus-light\"><\/i><\/span><span class=\"accordion-icon-closed\"><i class=\"gtn gtn-plus-light\"><\/i><\/span><\/div><span class=\"accordion-text\">Was sollte ich zu einem mehrt\u00e4gigen Kurs mitbringen?<\/span><\/div><div class=\"accordion-body\"><div class=\"accordion-content\">\n<ol class=\"wp-block-list\">\n<li><strong>Schlafsack oder deckbett mit Spannbettlaken<\/strong><\/li>\n\n\n\n<li><strong>Kissen und Kissenbezug<\/strong><\/li>\n\n\n\n<li><strong>Kosmetiktasche mit Inhalt<\/strong><\/li>\n\n\n\n<li><strong>Handtuch<\/strong><\/li>\n\n\n\n<li><strong>Badebekleidung<\/strong><\/li>\n\n\n\n<li><strong>Segelanzug oder geeignete wasserdichte Kleidung (Stiefel k\u00f6nnen von Vorteil sein)<\/strong><\/li>\n\n\n\n<li><strong>Gen\u00fcgend saubere und warme Kleidung f\u00fcr die Zeit nach dem Segeln<\/strong><\/li>\n\n\n\n<li><strong>Sonnenbrand Cr\u00e8me<\/strong><\/li>\n\n\n\n<li><strong>Sonnenbrille <\/strong><\/li>\n<\/ol>\n\n\n\n<p><a href=\"https:\/\/\/de\/\"><\/a><\/p>\n<\/div><\/div><\/div>\n\n\n\n<div class=\"accordion-item guten-QRbE0V\"><div class=\"accordion-heading\"><div class=\"accordion-icon\"><span class=\"accordion-icon-open\"><i class=\"gtn gtn-minus-light\"><\/i><\/span><span class=\"accordion-icon-closed\"><i class=\"gtn gtn-plus-light\"><\/i><\/span><\/div><span class=\"accordion-text\">Wie funktioniert die Bordkasse?<\/span><\/div><div class=\"accordion-body\"><div class=\"accordion-content\">\n<p>Die Kosten f\u00fcr Essen\/Getr\u00e4nke an Bord, Hafen-\/Br\u00fcckengeb\u00fchren werden gemeinsam \u00fcber eine Bordkasse geregelt. Der Ausbilder wird frei gehalten.<\/p>\n<\/div><\/div><\/div>\n\n\n\n<div class=\"accordion-item guten-gFndZ4\"><div class=\"accordion-heading\"><div class=\"accordion-icon\"><span class=\"accordion-icon-open\"><i class=\"gtn gtn-minus-light\"><\/i><\/span><span class=\"accordion-icon-closed\"><i class=\"gtn gtn-plus-light\"><\/i><\/span><\/div><span class=\"accordion-text\">Bekomme ich nach der Online-Buchung eine Best\u00e4tigung per Mail?<\/span><\/div><div class=\"accordion-body\"><div class=\"accordion-content\">\n<p>Ja, Sie erhalten immer eine Buchungsbest\u00e4tigung, nachdem Sie eine Buchung \u00fcber die Website vorgenommen haben. Nachdem die Anzahlung geleistet wurde, ist die Buchung endg\u00fcltig.<\/p>\n<\/div><\/div><\/div>\n\n\n\n<div class=\"accordion-item guten-SNnMUr\"><div class=\"accordion-heading\"><div class=\"accordion-icon\"><span class=\"accordion-icon-open\"><i class=\"gtn gtn-minus-light\"><\/i><\/span><span class=\"accordion-icon-closed\"><i class=\"gtn gtn-plus-light\"><\/i><\/span><\/div><span class=\"accordion-text\">Bietet Aura Sailing auch \u00dcbernachtungen in Langweer an?<\/span><\/div><div class=\"accordion-body\"><div class=\"accordion-content\">\n<p>Bei den Kaj\u00fctsegelyacht Kursen schlafen Sie w\u00e4hrend eines mehrt\u00e4gigen Kurs auf dem Boot. In der N\u00e4he von Langweer gibt es eine Vielzahl von Hotels, Pensionen und Bed &amp; Breakfasts. Bei einem Segelkurs auf unserer offene Kielboten f\u00fcr 1 oder mehrere Tage sind wir Ihnen gerne bei der Suche nach einer geeigneten Unterkunft behilflich.<\/p>\n<\/div><\/div><\/div>\n\n\n\n<div class=\"accordion-item guten-2j0VwG\"><div class=\"accordion-heading\"><div class=\"accordion-icon\"><span class=\"accordion-icon-open\"><i class=\"gtn gtn-minus-light\"><\/i><\/span><span class=\"accordion-icon-closed\"><i class=\"gtn gtn-plus-light\"><\/i><\/span><\/div><span class=\"accordion-text\">K\u00f6nnen (eigene) Kinder mit Ihnen auf einem Privatkurs segeln?<\/span><\/div><div class=\"accordion-body\"><div class=\"accordion-content\">\n<p>Dies ist nat\u00fcrlich m\u00f6glich. Die Eltern sind f\u00fcr die Kinder verantwortlich, aber der Skipper bleibt nat\u00fcrlich jederzeit f\u00fcr das Geschehen an Bord verantwortlich.<\/p>\n<\/div><\/div><\/div>\n\n\n\n<div class=\"accordion-item guten-8dyS8P\"><div class=\"accordion-heading\"><div class=\"accordion-icon\"><span class=\"accordion-icon-open\"><i class=\"gtn gtn-minus-light\"><\/i><\/span><span class=\"accordion-icon-closed\"><i class=\"gtn gtn-plus-light\"><\/i><\/span><\/div><span class=\"accordion-text\">Sind Rettungswesten an Bord?<\/span><\/div><div class=\"accordion-body\"><div class=\"accordion-content\">\n<p>Ja, es gibt f\u00fcr jeden Sch\u00fcler eine Rettungsweste an Bord. <\/p>\n<\/div><\/div><\/div>\n\n\n\n<div class=\"accordion-item guten-uhT5L9\"><div class=\"accordion-heading\"><div class=\"accordion-icon\"><span class=\"accordion-icon-open\"><i class=\"gtn gtn-minus-light\"><\/i><\/span><span class=\"accordion-icon-closed\"><i class=\"gtn gtn-plus-light\"><\/i><\/span><\/div><span class=\"accordion-text\">Wann beginnen die Kurse?<\/span><\/div><div class=\"accordion-body\"><div class=\"accordion-content\">\n<p>Die Kurse beginnen um 09:30 Uhr an der Station im Hafen. Hier werden alle Formalit\u00e4ten bei einer Tasse Kaffee\/Tee erledigt und dann geht es so schnell wie m\u00f6glich aufs Wasser. Wir werden gegen 17:00 Uhr wieder im Hafen sein. <\/p>\n<\/div><\/div><\/div>\n\n\n\n<div class=\"accordion-item guten-HhTdrs active\"><div class=\"accordion-heading\"><div class=\"accordion-icon\"><span class=\"accordion-icon-open\"><i class=\"gtn gtn-minus-light\"><\/i><\/span><span class=\"accordion-icon-closed\"><i class=\"gtn gtn-plus-light\"><\/i><\/span><\/div><span class=\"accordion-text\">Was tun wir bei schlechten Wettervorhersagen?<\/span><\/div><div class=\"accordion-body\"><div class=\"accordion-content\">\n<p>Wenn der Kursleiter es f\u00fcr unverantwortlich h\u00e4lt, auf das Wasser zu gehen, wird der Kurs auf ein noch zu bestimmendes Datum verschoben. Nat\u00fcrlich ber\u00fccksichtigen wir auch Ihre W\u00fcnsche. <\/p>\n<\/div><\/div><\/div>\n<\/div>\n<\/div><\/div>\n<\/div><\/section><\/div>\n\n\n\n<p><\/p>","protected":false},"excerpt":{"rendered":"","protected":false},"author":1,"featured_media":0,"parent":0,"menu_order":0,"comment_status":"closed","ping_status":"closed","template":"template-basic","meta":{"footnotes":""},"class_list":["post-1469","page","type-page","status-publish","hentry"],"_links":{"self":[{"href":"https:\/\/www.aurasailing.nl\/de\/wp-json\/wp\/v2\/pages\/1469","targetHints":{"allow":["GET"]}}],"collection":[{"href":"https:\/\/www.aurasailing.nl\/de\/wp-json\/wp\/v2\/pages"}],"about":[{"href":"https:\/\/www.aurasailing.nl\/de\/wp-json\/wp\/v2\/types\/page"}],"author":[{"embeddable":true,"href":"https:\/\/www.aurasailing.nl\/de\/wp-json\/wp\/v2\/users\/1"}],"replies":[{"embeddable":true,"href":"https:\/\/www.aurasailing.nl\/de\/wp-json\/wp\/v2\/comments?post=1469"}],"version-history":[{"count":0,"href":"https:\/\/www.aurasailing.nl\/de\/wp-json\/wp\/v2\/pages\/1469\/revisions"}],"wp:attachment":[{"href":"https:\/\/www.aurasailing.nl\/de\/wp-json\/wp\/v2\/media?parent=1469"}],"curies":[{"name":"wp","href":"https:\/\/api.w.org\/{rel}","templated":true}]}}