{"id":159,"date":"2022-11-09T22:33:26","date_gmt":"2022-11-09T21:33:26","guid":{"rendered":"https:\/\/www.aurasailing.nl.www373.your-server.de\/?page_id=159"},"modified":"2023-02-12T17:07:06","modified_gmt":"2023-02-12T16:07:06","slug":"privacy-verklaring","status":"publish","type":"page","link":"https:\/\/www.aurasailing.nl\/de\/privacy-verklaring\/","title":{"rendered":"Erkl\u00e4rung zum Datenschutz"},"content":{"rendered":"<div class=\"section-wrapper\" data-id=\"mu4tFP\"><section class=\"wp-block-gutenverse-section guten-element guten-section guten-mu4tFP layout-boxed align-stretch\"><div class=\"guten-background-overlay\"><\/div><div class=\"guten-shape-divider guten-shape-divider-top\"><\/div><div class=\"guten-shape-divider guten-shape-divider-bottom\"><\/div><div class=\"guten-container guten-column-gap-default\">\n<div class=\"wp-block-gutenverse-column guten-element guten-column guten-dCCGby\"><div class=\"guten-background-overlay\"><\/div><div class=\"sticky-wrapper\" data-id=\"dCCGby\"><div class=\"guten-column-wrapper\">\n<h2 class=\"wp-block-gutenverse-heading guten-element guten-KMHgOA animated guten-element-hide desktop-fadeInUp\">PRIVACY<br>ERKL\u00c4RUNG<\/h2>\n<\/div><\/div><\/div>\n<\/div><\/section><\/div>\n\n\n\n<h2 class=\"wp-block-gutenverse-heading guten-element guten-lWspIH\">Erkl\u00e4rung zum Datenschutz<\/h2>\n\n\n\n<div class=\"guten-element gutenverse-text-editor guten-wfQaHQ\"><div class=\"text-content-inner\">\n<p>Die Segelschule Aura Sailing respektiert die Privatsph\u00e4re der Besucher ihrer Website, insbesondere die Rechte der Besucher hinsichtlich der automatisierten Verarbeitung personenbezogener Daten. Um unseren Kunden gegen\u00fcber vollst\u00e4ndige Transparenz zu gew\u00e4hrleisten, haben wir daher eine Politik in Bezug auf diese Verarbeitungen selbst, ihren Zweck sowie die M\u00f6glichkeiten f\u00fcr die betroffenen Personen, ihre Rechte auszu\u00fcben, formuliert und umgesetzt.<\/p>\n\n\n\n<p>Alle weiteren Informationen \u00fcber den Schutz personenbezogener Daten finden Sie auf der Website der Beh\u00f6rde zum Thema personenbezogene Daten: https:\/\/autoriteitpersoonsgegevens.nl\/nl.<\/p>\n\n\n\n<p>Solange Sie die Verwendung von Cookies und anderen Tracking-Systemen auf der Website nicht akzeptieren, platzieren wir keine nicht-anonymisierten analytischen Cookies und\/oder Tracking-Cookies auf Ihrem Computer, Mobiltelefon oder Tablet.Wenn Sie diese Website weiter besuchen, akzeptieren Sie die folgenden Nutzungsbedingungen.<\/p>\n\n\n\n<p>Die aktuelle Version der Datenschutzrichtlinie, die auf der Website verf\u00fcgbar ist, ist die einzige Version, die so lange gilt, wie Sie die Website besuchen, bis eine neue Version die aktuelle Version ersetzt.<\/p>\n\n\n\n<p><br><strong>Artikel 1 - Rechtliche Bestimmungen<\/strong><br>1. Website (im Folgenden auch \"die Website\"): https:\/\/www.aurasailing.nl\/<br>2. Verantwortlicher f\u00fcr die Verarbeitung personenbezogener Daten (im Folgenden auch \"der Verantwortliche\" genannt): JOBOOTS BV, Nijverheidsweg 75, 3771 ME, Barneveld <\/p>\n\n\n\n<p><br><strong>Artikel 2 - Zugang zur Website<\/strong><br>Der Zugang und die Nutzung der Website ist rein pers\u00f6nlich. Sie d\u00fcrfen diese Website und die auf ihr bereitgestellten Daten und Informationen nicht f\u00fcr kommerzielle, politische oder Werbezwecke oder f\u00fcr kommerzielle Angebote und insbesondere nicht f\u00fcr unaufgeforderte elektronische Angebote nutzen.<\/p>\n\n\n\n<p><br><strong>Artikel 3 - Der Inhalt der Website<\/strong><br>Alle Marken, Bilder, Texte, Kommentare, Illustrationen, (animierten) Bilder, Videobilder, T\u00f6ne sowie alle technischen Anwendungen, die f\u00fcr den Betrieb der Website verwendet werden k\u00f6nnen, und ganz allgemein alle auf dieser Website verwendeten Komponenten sind durch geistige Eigentumsrechte gesch\u00fctzt. Jegliche Vervielf\u00e4ltigung, Wiederholung, Nutzung oder Anpassung der gesamten Website oder eines Teils davon, einschlie\u00dflich der technischen Anwendungen, ist ohne vorherige schriftliche Genehmigung des Verantwortlichen strengstens untersagt. Wenn der Verantwortliche nicht sofort gegen einen Versto\u00df vorgeht, kann dies nicht als stillschweigende Zustimmung oder Verzicht auf rechtliche Schritte ausgelegt werden.<\/p>\n\n\n\n<p><br><strong>Artikel 4 - Verwaltung der Website<\/strong><br>F\u00fcr die ordnungsgem\u00e4\u00dfe Verwaltung der Website, kann der Administrator zu jeder Zeit:<\/p>\n\n\n\n<p>- den Zugang zur gesamten Website oder zu Teilen davon auszusetzen, zu unterbrechen oder auf eine bestimmte Kategorie von Besuchern zu beschr\u00e4nken<\/p>\n\n\n\n<p>- Informationen zu entfernen, die das Funktionieren der Website beeintr\u00e4chtigen oder gegen nationale oder internationale Gesetze oder die Internet-Etikette versto\u00dfen k\u00f6nnten<\/p>\n\n\n\n<p>- die Website vor\u00fcbergehend nicht verf\u00fcgbar zu machen, um Aktualisierungen vorzunehmen<\/p>\n\n\n\n<p><br><strong>Artikel 5 - Zust\u00e4ndigkeiten<\/strong><br>Der Betreiber haftet unter keinen Umst\u00e4nden f\u00fcr Ausf\u00e4lle, Fehlfunktionen, Schwierigkeiten oder Unterbrechungen beim Betrieb der Website, die dazu f\u00fchren, dass der Zugriff auf die Website oder eine ihrer Funktionen nicht m\u00f6glich ist. Die Art und Weise, in der Sie sich mit der Website verbinden, liegt in Ihrer eigenen Verantwortung. Sie sind daf\u00fcr verantwortlich, alle geeigneten Ma\u00dfnahmen zu ergreifen, um Ihre Ausr\u00fcstung und Ihre Daten unter anderem gegen Virenangriffe im Internet zu sch\u00fctzen. Au\u00dferdem sind Sie f\u00fcr die Websites und Daten verantwortlich, die Sie im Internet konsultieren.<\/p>\n\n\n\n<p>Der Verwalter haftet nicht f\u00fcr etwaige rechtliche Schritte, die gegen Sie eingeleitet werden:<\/p>\n\n\n\n<p>- aufgrund der Nutzung der Website oder der \u00fcber das Internet zug\u00e4nglichen Dienste<\/p>\n\n\n\n<p>- wegen Versto\u00dfes gegen die Bestimmungen dieser Datenschutzrichtlinie<\/p>\n\n\n\n<p>Der Betreiber ist nicht verantwortlich f\u00fcr Sch\u00e4den, die Ihnen selbst, Dritten oder Ihrer Ausr\u00fcstung durch die Verbindung oder Nutzung der Website entstehen. Sie werden es unterlassen, daraus irgendwelche Ma\u00dfnahmen gegen den Betreiber zu ergreifen.<\/p>\n\n\n\n<p>Sollte der Betreiber aufgrund Ihrer Nutzung dieser Website in einen Rechtsstreit verwickelt werden, hat er das Recht, den gesamten Schaden, der ihm dadurch entstanden ist und noch entstehen wird, von Ihnen zu fordern.<\/p>\n\n\n\n<p><br><strong>Artikel 6 - Erhebung von Daten<\/strong><br>Ihre Daten werden von der Stichting Vaarschool Aura Sailing. und (einem) externen Verarbeiter(n) gesammelt. Personenbezogene Daten sind alle Informationen, die sich auf eine identifizierte oder identifizierbare nat\u00fcrliche Person beziehen; als identifizierbar wird eine nat\u00fcrliche Person angesehen, die direkt oder indirekt identifiziert werden kann, insbesondere durch Zuordnung zu einer Kennung wie einem Namen, zu einer Kennnummer, zu Standortdaten, zu einer Online-Kennung oder zu einem oder mehreren Elementen, die Ausdruck der physischen, physiologischen, genetischen, psychischen, wirtschaftlichen, kulturellen oder sozialen Identit\u00e4t sind.<\/p>\n\n\n\n<p>Die auf der Website erhobenen personenbezogenen Daten werden vom Betreiber haupts\u00e4chlich zur Pflege der Beziehungen zu Ihnen und gegebenenfalls zur Abwicklung Ihrer Bestellungen verwendet.<\/p>\n\n\n\n<p><br><strong>Artikel 7 - Ihre Rechte in Bezug auf Ihre Daten<\/strong><br>Gem\u00e4\u00df Artikel 13 Absatz 2 Buchstabe b AVG hat jede Person das Recht auf Auskunft und Berichtigung oder L\u00f6schung ihrer personenbezogenen Daten oder auf Einschr\u00e4nkung der Verarbeitung, die sie betrifft, sowie das Recht, der Verarbeitung zu widersprechen und das Recht auf Daten\u00fcbertragbarkeit. Sie k\u00f6nnen diese Rechte aus\u00fcben, indem Sie uns unter info@aurasailing.nl kontaktieren.<\/p>\n\n\n\n<p>Einem solchen Antrag ist die Kopie eines g\u00fcltigen Ausweises beizuf\u00fcgen, auf dem Sie Ihre Unterschrift geleistet haben und aus dem hervorgeht, unter welcher Adresse Sie zu erreichen sind. Innerhalb eines Monats nach Einreichung des Antrags erhalten Sie eine Antwort auf Ihren Antrag. Je nach Komplexit\u00e4t der Antr\u00e4ge und der Anzahl der Antr\u00e4ge kann diese Frist erforderlichenfalls um 2 Monate verl\u00e4ngert werden.<\/p>\n\n\n\n<p><br><strong>Artikel 8 - Verarbeitung von personenbezogenen Daten<\/strong><br>Im Falle eines Versto\u00dfes gegen Gesetze oder Vorschriften, dessen der Besucher verd\u00e4chtigt wird und f\u00fcr den die Beh\u00f6rden die vom Administrator gesammelten personenbezogenen Daten ben\u00f6tigen, werden diese nach einer ausdr\u00fccklichen und begr\u00fcndeten Aufforderung durch diese Beh\u00f6rden zur Verf\u00fcgung gestellt, woraufhin diese personenbezogenen Daten nicht mehr unter den Schutz der Bestimmungen dieser Datenschutzerkl\u00e4rung fallen.<\/p>\n\n\n\n<p>Wenn bestimmte Informationen f\u00fcr den Zugang zu bestimmten Funktionen der Website erforderlich sind, weist der Verantwortliche bei der Abfrage der Daten auf den obligatorischen Charakter dieser Informationen hin.<\/p>\n\n\n\n<p><br><strong>Artikel 9 - Kommerzielle Angebote<\/strong><br>Sie k\u00f6nnen vom Administrator kommerzielle Angebote erhalten. Wenn Sie diese nicht (oder nicht mehr) erhalten m\u00f6chten, senden Sie bitte eine E-Mail an folgende Adresse: info@aurasailing.nl<\/p>\n\n\n\n<p>Ihre Daten k\u00f6nnen von Partnern der verantwortlichen Partei f\u00fcr kommerzielle Zwecke verwendet werden. Wenn Sie dies nicht w\u00fcnschen, senden Sie bitte eine E-Mail an die folgende Adresse: info@aurasailing.nl<\/p>\n\n\n\n<p>Wenn Sie w\u00e4hrend Ihres Besuchs auf der Website auf personenbezogene Daten sto\u00dfen, m\u00fcssen Sie es unterlassen, diese zu sammeln oder anderweitig unbefugt zu verwenden, sowie jede Handlung zu unterlassen, die eine Verletzung der Privatsph\u00e4re dieser Person(en) darstellt. In keinem Fall ist der Administrator in den oben genannten F\u00e4llen verantwortlich.<\/p>\n\n\n\n<p><br><strong>Artikel 10 - Aufbewahrungsfrist f\u00fcr Daten<\/strong><br>Die vom Websitebetreiber erhobenen Daten werden f\u00fcr die gesetzlich vorgeschriebene Dauer genutzt und gespeichert.<\/p>\n\n\n\n<p><br><strong>Artikel 11 - Cookies<\/strong><\/p>\n\n\n\n<p>1. Ein Cookie ist eine kleine Textdatei, die auf der Festplatte Ihres Computers gespeichert wird, wenn Sie unsere Website besuchen. Ein Cookie enth\u00e4lt Daten, damit Sie bei jedem Besuch unserer Website als Besucher erkannt werden k\u00f6nnen. So ist es m\u00f6glich, unsere Website speziell f\u00fcr Sie einzurichten und Ihnen das Einloggen zu erleichtern. Wenn Sie unsere Website besuchen, wird ein Banner erscheinen, das Sie \u00fcber die Verwendung von Cookies informiert. Wenn Sie unsere Website weiter nutzen, stimmen Sie deren Verwendung zu. Ihr Einverst\u00e4ndnis gilt f\u00fcr einen Zeitraum von dreizehn Monaten.<\/p>\n\n\n\n<p>2. Wir verwenden die folgenden Arten von Cookies auf unserer Website:<\/p>\n\n\n\n<p>2.1. Funktionale Cookies: z. B. Sitzungs- und Anmeldecookies zur Verwaltung von Sitzungs- und Anmeldeinformationen.<\/p>\n\n\n\n<p>2.2. Anonymisierte analytische Cookies: um einen Einblick in die Besuche auf unserer Website zu erhalten, basierend auf Informationen \u00fcber Besucherzahlen, beliebte Seiten und Themen. So k\u00f6nnen wir die Kommunikation und das Informationsangebot besser auf die Bed\u00fcrfnisse der Besucher unserer Website abstimmen. Wir k\u00f6nnen nicht sehen, wer unsere Websites besucht oder von welchem PC aus der Besuch erfolgt.<\/p>\n\n\n\n<p>2.3. Nicht anonymisierte analytische Cookies: um einen Einblick in die Besuche auf unserer Website zu erhalten, basierend auf Informationen \u00fcber Besucherzahlen, beliebte Seiten und Themen. So k\u00f6nnen wir die Kommunikation und das Informationsangebot besser auf die Bed\u00fcrfnisse der Besucher unserer Website abstimmen.<\/p>\n\n\n\n<p>2.4. Tracking-Cookies: z. B. Werbe-Cookies, die dazu dienen, relevante Werbung anzuzeigen. Aus Informationen \u00fcber besuchte Websites k\u00f6nnen pers\u00f6nliche Interessen abgeleitet werden. Auf diese Weise k\u00f6nnen Organisationen ihren Website-Besuchern zum Beispiel gezielte Werbung zeigen. Tracking-Cookies erm\u00f6glichen es, Profile von Personen zu erstellen und sie unterschiedlich zu behandeln. Tracking-Cookies verarbeiten in der Regel personenbezogene Daten.<\/p>\n\n\n\n<p>3. Im Einzelnen k\u00f6nnen wir die folgenden Cookies verwenden:<\/p>\n\n\n\n<p>3.1. Google Analytics anonymisiert (analytische Cookies)<br>Google Analytics (analytischer Cookie)<br>3.3. Facebook, Google Shopping<br>3.4. Facebook (Tracking-Cookie)<br>3.5. Google Adwords (Tracking-Cookie)<\/p>\n\n\n\n<p>4. Wenn Sie unsere Website besuchen, k\u00f6nnen Cookies, die von der f\u00fcr die Verarbeitung Verantwortlichen und\/oder Dritten stammen, auf Ihrem Ger\u00e4t installiert werden.<\/p>\n\n\n\n<p>5. Weitere Informationen \u00fcber die Verwendung, Verwaltung und L\u00f6schung von Cookies f\u00fcr die einzelnen Betriebssystemtypen finden Sie unter folgendem Link: https:\/\/autoriteitpersoonsgegevens.nl\/nl\/onderwerpen\/internet-telefoon-tv-en-post\/cookies#faq<\/p>\n\n\n\n<p><br><strong>Artikel 12 - Bildmaterial und angebotene Produkte<\/strong><br>Aus dem Bildmaterial, das zu den auf der Website angebotenen Produkten geh\u00f6rt, k\u00f6nnen keine Rechte abgeleitet werden.<\/p>\n\n\n\n<p><br><strong>Artikel 13 - Anwendbares Recht<\/strong><br>Diese Bedingungen unterliegen dem niederl\u00e4ndischen Recht. F\u00fcr alle Streitigkeiten im Zusammenhang mit diesen Bedingungen ist ausschlie\u00dflich das Gericht am Sitz des Verwalters zust\u00e4ndig, es sei denn, es gilt eine gesetzliche Ausnahme.<\/p>\n\n\n\n<p><br><strong>Artikel 14 - Kontakt<\/strong><br>F\u00fcr Fragen, Produktinformationen oder Informationen \u00fcber die Website selbst, wenden Sie sich bitte an: info@aurasailing.nl<\/p>\n<\/div><\/div>","protected":false},"excerpt":{"rendered":"","protected":false},"author":1,"featured_media":0,"parent":0,"menu_order":0,"comment_status":"closed","ping_status":"closed","template":"template-basic","meta":{"footnotes":""},"class_list":["post-159","page","type-page","status-publish","hentry"],"_links":{"self":[{"href":"https:\/\/www.aurasailing.nl\/de\/wp-json\/wp\/v2\/pages\/159","targetHints":{"allow":["GET"]}}],"collection":[{"href":"https:\/\/www.aurasailing.nl\/de\/wp-json\/wp\/v2\/pages"}],"about":[{"href":"https:\/\/www.aurasailing.nl\/de\/wp-json\/wp\/v2\/types\/page"}],"author":[{"embeddable":true,"href":"https:\/\/www.aurasailing.nl\/de\/wp-json\/wp\/v2\/users\/1"}],"replies":[{"embeddable":true,"href":"https:\/\/www.aurasailing.nl\/de\/wp-json\/wp\/v2\/comments?post=159"}],"version-history":[{"count":0,"href":"https:\/\/www.aurasailing.nl\/de\/wp-json\/wp\/v2\/pages\/159\/revisions"}],"wp:attachment":[{"href":"https:\/\/www.aurasailing.nl\/de\/wp-json\/wp\/v2\/media?parent=159"}],"curies":[{"name":"wp","href":"https:\/\/api.w.org\/{rel}","templated":true}]}}