{"id":1655,"date":"2022-11-30T07:51:13","date_gmt":"2022-11-30T06:51:13","guid":{"rendered":"https:\/\/www.aurasailing.nl\/cursussen2023-2\/"},"modified":"2025-11-13T14:30:55","modified_gmt":"2025-11-13T13:30:55","slug":"contact","status":"publish","type":"page","link":"https:\/\/www.aurasailing.nl\/de\/contact\/","title":{"rendered":"Kontakt"},"content":{"rendered":"<div class=\"section-wrapper\" data-id=\"mu4tFP\"><section class=\"wp-block-gutenverse-section guten-element guten-section guten-mu4tFP layout-boxed align-stretch\"><div class=\"guten-background-overlay\"><\/div><div class=\"guten-container guten-column-gap-default\">\n<div class=\"wp-block-gutenverse-column guten-element guten-column guten-dCCGby\"><div class=\"guten-column-wrapper\" data-id=\"dCCGby\">\n<h2 class=\"wp-block-gutenverse-heading guten-element guten-KMHgOA animated guten-element-hide desktop-fadeInUp\">KONTAKT<\/h2>\n<\/div><\/div>\n<\/div><\/section><\/div>\n\n\n\n<div class=\"section-wrapper\" data-id=\"2cw8B7\"><section class=\"wp-block-gutenverse-section guten-element guten-section guten-2cw8B7 layout-boxed align-stretch\"><div class=\"guten-container guten-column-gap-no\">\n<div class=\"wp-block-gutenverse-column guten-element guten-column guten-tCwytO\"><div class=\"guten-column-wrapper\" data-id=\"tCwytO\">\n<h2 class=\"wp-block-gutenverse-heading guten-element guten-3kS4kk animated guten-element-hide desktop-fadeInLeft\">Kontakt Aura Sailing<\/h2>\n\n\n\n<h2 class=\"wp-block-gutenverse-heading guten-element guten-BRP6ho\">Aura Sailing Standort am Ufer<br>Yachthafen No\u00ebl Wassersport<\/h2>\n\n\n\n<div class=\"section-wrapper\" data-id=\"7z09Io\"><section class=\"wp-block-gutenverse-section guten-element guten-section guten-7z09Io layout-boxed align-stretch\"><div class=\"guten-container guten-column-gap-no\">\n<div class=\"wp-block-gutenverse-column guten-element guten-column guten-Ol0DVU animated guten-element-hide desktop-fadeInUp\"><div class=\"guten-column-wrapper\" data-id=\"Ol0DVU\">\n<div class=\"guten-element guten-icon-list guten-YHRH4Z\"><div class=\"list-wrapper\">\n<div class=\"guten-element guten-icon-list-item guten-Wv7R8E\"><div class=\"list-divider\"><\/div><a id=\"guten-Wv7R8E\"><i class=\"fas fa-phone-alt\"><\/i><span class=\"list-text\">+31 (0)513 241555<\/span><\/a><\/div>\n\n\n\n<div class=\"guten-element guten-icon-list-item guten-tnbaqT\"><div class=\"list-divider\"><\/div><a id=\"guten-tnbaqT\"><i class=\"fas fa-envelope\"><\/i><span class=\"list-text\">info@aurasailing.nl<\/span><\/a><\/div>\n\n\n\n<div class=\"guten-element guten-icon-list-item guten-mjcFgP\"><div class=\"list-divider\"><\/div><a id=\"guten-mjcFgP\" href=\"https:\/\/www.google.com\/maps\/place\/Zeilschool+Aura+Sailing\/@52.9635458,5.7164868,15z\/data=!4m5!3m4!1s0x0:0x65a9bda09bff96d7!8m2!3d52.9635458!4d5.7164868\"><i class=\"fas fa-map-marker-alt\"><\/i><span class=\"list-text\">Pontdijk 8c, 8525 GG Langweer<\/span><\/a><\/div>\n<\/div><\/div>\n<\/div><\/div>\n<\/div><\/section><\/div>\n\n\n\n<div class=\"guten-element gutenverse-text-editor guten-eQkUkF\"><div class=\"text-content-inner\">\n<p><strong>Route<\/strong><br>Sie k\u00f6nnen Langweer von der A7 \u00fcber Scharsterbrug oder von der A6 \u00fcber Sint Nicolaasga erreichen. Langweer ist bereits ausgeschildert. Im Dorf fahren Sie immer geradeaus. Unmittelbar nach der Bebauung befinden Sie sich auf dem Pontdijk. Nach einem Bungalowpark biegen Sie rechts in eine Seitenstra\u00dfe zu No\u00ebl Watersport ein. Nach 80 Metern biegen Sie hinter De Twirre links ab. Fahren Sie weiter bis zu dem gelben Geb\u00e4ude und unserem Hafen. Dort k\u00f6nnen Sie parken. An der Hafenseite des gelben Geb\u00e4udes befindet sich unser Empfangsbereich. Auf dem Foto blicken Sie dagegen.<\/p>\n\n\n\n<div style=\"height:10px\" aria-hidden=\"true\" class=\"wp-block-spacer\"><\/div>\n\n\n\n<p><\/p>\n<\/div><\/div>\n<\/div><\/div>\n<\/div><\/section><\/div>\n\n\n\n<div class=\"section-wrapper\" data-id=\"33lfYx\"><section class=\"wp-block-gutenverse-section guten-element guten-section guten-33lfYx layout-boxed align-stretch\"><div class=\"guten-container guten-column-gap-default\">\n<div class=\"wp-block-gutenverse-column guten-element guten-column guten-c1WLip\"><div class=\"guten-column-wrapper\" data-id=\"c1WLip\">\n<figure class=\"wp-block-image size-full is-resized has-custom-border is-style-default\" style=\"margin-top:var(--wp--preset--spacing--30);margin-right:0px;margin-bottom:var(--wp--preset--spacing--30);margin-left:0px\"><img fetchpriority=\"high\" decoding=\"async\" width=\"1546\" height=\"832\" src=\"https:\/\/www.aurasailing.nl\/wp-content\/uploads\/2024\/02\/wegbeschrijving.png\" alt=\"\" class=\"wp-image-5361\" style=\"border-style:none;border-width:0px;border-top-left-radius:8px;border-top-right-radius:8px;border-bottom-left-radius:8px;border-bottom-right-radius:8px;object-fit:cover;width:1170px;height:600px\" srcset=\"https:\/\/www.aurasailing.nl\/wp-content\/uploads\/2024\/02\/wegbeschrijving.png 1546w, https:\/\/www.aurasailing.nl\/wp-content\/uploads\/2024\/02\/wegbeschrijving-300x161.png 300w, https:\/\/www.aurasailing.nl\/wp-content\/uploads\/2024\/02\/wegbeschrijving-1024x551.png 1024w, https:\/\/www.aurasailing.nl\/wp-content\/uploads\/2024\/02\/wegbeschrijving-768x413.png 768w, https:\/\/www.aurasailing.nl\/wp-content\/uploads\/2024\/02\/wegbeschrijving-50x27.png 50w, https:\/\/www.aurasailing.nl\/wp-content\/uploads\/2024\/02\/wegbeschrijving-1536x827.png 1536w\" sizes=\"(max-width: 1546px) 100vw, 1546px\" \/><\/figure>\n<\/div><\/div>\n<\/div><\/section><\/div>\n\n\n\n<div class=\"section-wrapper\" data-id=\"DGmJJe\"><section class=\"wp-block-gutenverse-section guten-element guten-section guten-DGmJJe layout-boxed align-stretch\"><div class=\"guten-container guten-column-gap-default\">\n<div class=\"wp-block-gutenverse-column guten-element guten-column guten-UyBinc\"><div class=\"guten-column-wrapper\" data-id=\"UyBinc\">\n<div class=\"guten-element gutenverse-text-editor guten-h7tfX0\"><div class=\"text-content-inner\">\n<p class=\"has-primary-color has-luminous-vivid-amber-background-color has-text-color has-background has-link-color wp-elements-a9338af5ef29f6199fb92d1e96637def\" style=\"border-radius:8px\">Bitte verwenden Sie das unten stehende Kontaktformular, um uns eine Nachricht zu senden. Wir werden versuchen, innerhalb von 24 Stunden zu antworten. <\/p>\n<\/div><\/div>\n\n\n\n<form style=\"display:none\" class=\"guten-element guten-form-builder guten-TZtAs1 animated guten-element-hide desktop-fadeInUp\" data-form-id=\"3830\" data-hide-after=\"false\" action=\"\">\n<div class=\"guten-element guten-form-input-text guten-form-input guten-input-position-top guten-3bX8Ol hide-label hide-helper\"><div class=\"label-wrapper\"><\/div><div class=\"main-wrapper\"><input data-validation=\"{&quot;type&quot;:&quot;text&quot;,&quot;required&quot;:false,&quot;validationType&quot;:&quot;none&quot;,&quot;validationWarning&quot;:&quot;Input Invalid&quot;}\" placeholder=\"Name\" name=\"input-text-name\" class=\"gutenverse-input gutenverse-input-text\" type=\"text\"\/><div class=\"validation-error\">Eingabe ung\u00fcltig<\/div><\/div><\/div>\n\n\n\n<div class=\"guten-element guten-form-input-email guten-form-input guten-input-position-top guten-oXyIca hide-label hide-helper\"><div class=\"label-wrapper\"><\/div><div class=\"main-wrapper\"><input data-validation=\"{&quot;type&quot;:&quot;email&quot;,&quot;required&quot;:false,&quot;validationType&quot;:&quot;none&quot;,&quot;validationWarning&quot;:&quot;Input Invalid&quot;}\" placeholder=\" E-Mail\" name=\"input-email\" class=\"gutenverse-input gutenverse-input-email\" type=\"email\"\/><div class=\"validation-error\">Eingabe ung\u00fcltig<\/div><\/div><\/div>\n\n\n\n<div class=\"guten-element guten-form-input-text guten-form-input guten-input-position-top guten-pK01mc hide-label hide-helper\"><div class=\"label-wrapper\"><\/div><div class=\"main-wrapper\"><input data-validation=\"{&quot;type&quot;:&quot;text&quot;,&quot;required&quot;:false,&quot;validationType&quot;:&quot;none&quot;,&quot;validationWarning&quot;:&quot;Input Invalid&quot;}\" placeholder=\"Thema\" name=\"input-text-name\" class=\"gutenverse-input gutenverse-input-text\" type=\"text\"\/><div class=\"validation-error\">Eingabe ung\u00fcltig<\/div><\/div><\/div>\n\n\n\n<div class=\"guten-element guten-form-input-textarea guten-form-input guten-input-position-top guten-aM3jG3 hide-label hide-helper\"><div class=\"label-wrapper\"><\/div><div class=\"main-wrapper\"><textarea data-validation=\"{&quot;type&quot;:&quot;textarea&quot;,&quot;required&quot;:false,&quot;validationType&quot;:&quot;none&quot;,&quot;validationWarning&quot;:&quot;Input Invalid&quot;}\" placeholder=\"Nachricht\" name=\"input-textarea\" class=\"gutenverse-input gutenverse-input-text\"><\/textarea><div class=\"validation-error\">Eingabe ung\u00fcltig<\/div><\/div><\/div>\n\n\n\n<div class=\"guten-element gutenverse-recaptcha guten-form-input-recaptcha g-recaptcha\" data-sitekey=\"\"><\/div>\n\n\n\n<div class=\"guten-element guten-button-wrapper guten-submit-wrapper guten-8fxoMT\"><div class=\"form-notification\"><\/div><button class=\"guten-button gutenverse-input-submit guten-button-info guten-button-sm\" type=\"submit\"><span>Nachricht senden<\/span><\/button><div class=\"gutenverse-input-submit-loader\"><i class=\"fas fa-spinner fa-spin\"><\/i><\/div><\/div>\n<input type=\"hidden\" name=\"trp-form-language\" value=\"de\"\/><\/form>\n<\/div><\/div>\n\n\n\n<div class=\"wp-block-gutenverse-column guten-element guten-column guten-bOvYMK\"><div class=\"guten-column-wrapper\" data-id=\"bOvYMK\">\n<div class=\"guten-element gutenverse-maps guten-maps guten-yzMgMh\" data-src=\"https:\/\/maps.google.com\/maps?q=Aura%20Sailing%20Langweer&amp;z=16&amp;t=m&amp;output=embed&amp;iwloc=near\"><iframe frameborder=\"0\" scrolling=\"no\" marginheight=\"0\" marginwidth=\"0\" src=\"\" title=\"Aura Sailing Langweer\"><\/iframe><\/div>\n<\/div><\/div>\n<\/div><\/section><\/div>\n\n\n\n<div style=\"height:100px\" aria-hidden=\"true\" class=\"wp-block-spacer\"><\/div>\n\n\n\n<p><\/p>","protected":false},"excerpt":{"rendered":"","protected":false},"author":1,"featured_media":0,"parent":0,"menu_order":0,"comment_status":"closed","ping_status":"closed","template":"template-basic","meta":{"footnotes":""},"class_list":["post-1655","page","type-page","status-publish","hentry"],"_links":{"self":[{"href":"https:\/\/www.aurasailing.nl\/de\/wp-json\/wp\/v2\/pages\/1655","targetHints":{"allow":["GET"]}}],"collection":[{"href":"https:\/\/www.aurasailing.nl\/de\/wp-json\/wp\/v2\/pages"}],"about":[{"href":"https:\/\/www.aurasailing.nl\/de\/wp-json\/wp\/v2\/types\/page"}],"author":[{"embeddable":true,"href":"https:\/\/www.aurasailing.nl\/de\/wp-json\/wp\/v2\/users\/1"}],"replies":[{"embeddable":true,"href":"https:\/\/www.aurasailing.nl\/de\/wp-json\/wp\/v2\/comments?post=1655"}],"version-history":[{"count":5,"href":"https:\/\/www.aurasailing.nl\/de\/wp-json\/wp\/v2\/pages\/1655\/revisions"}],"predecessor-version":[{"id":11121,"href":"https:\/\/www.aurasailing.nl\/de\/wp-json\/wp\/v2\/pages\/1655\/revisions\/11121"}],"wp:attachment":[{"href":"https:\/\/www.aurasailing.nl\/de\/wp-json\/wp\/v2\/media?parent=1655"}],"curies":[{"name":"wp","href":"https:\/\/api.w.org\/{rel}","templated":true}]}}