{"id":3342,"date":"2023-01-11T17:59:46","date_gmt":"2023-01-11T16:59:46","guid":{"rendered":"https:\/\/www.aurasailing.nl\/cursussen2023-2\/"},"modified":"2024-12-11T23:56:01","modified_gmt":"2024-12-11T22:56:01","slug":"dagcursussen","status":"publish","type":"page","link":"https:\/\/www.aurasailing.nl\/de\/dagcursussen\/","title":{"rendered":"Tageskurse"},"content":{"rendered":"<div class=\"section-wrapper\" data-id=\"DXYTvG\"><section class=\"wp-block-gutenverse-section guten-element guten-section guten-DXYTvG layout-boxed align-middle\"><div class=\"guten-background-overlay\"><\/div><div class=\"guten-container guten-column-gap-default\">\n<div class=\"wp-block-gutenverse-column guten-element guten-column guten-UyWHwF\"><div class=\"guten-column-wrapper\" data-id=\"UyWHwF\">\n<h1 class=\"wp-block-gutenverse-heading guten-element guten-oSnOnu animated guten-element-hide desktop-fadeInUp\">Tageskurs Segeln auf<br>Segelgrundschein<\/h1>\n<\/div><\/div>\n<\/div><\/section><\/div>\n\n\n\n<div class=\"section-wrapper\" data-id=\"B5CBL9\"><section class=\"wp-block-gutenverse-section guten-element guten-section guten-B5CBL9 layout-boxed align-stretch\"><div class=\"guten-container guten-column-gap-no\">\n<div class=\"wp-block-gutenverse-column guten-element guten-column guten-YzGHOP\"><div class=\"guten-column-wrapper\" data-id=\"YzGHOP\">\n<h2 class=\"wp-block-gutenverse-heading guten-element guten-nUWUZP animated guten-element-hide desktop-fadeInLeft\">Unsere Tageskurse<\/h2>\n\n\n\n<div class=\"guten-element gutenverse-text-editor guten-UTcPyQ animated guten-element-hide desktop-fadeInLeft\"><div class=\"text-content-inner\">\n<p>Nachfolgend finden Sie eine \u00dcbersicht \u00fcber alle Tageskurse, die wir anbieten. Aura Sailing bietet Tageskurse f\u00fcr Anf\u00e4nger und fortgeschrittene Segler an. Sie k\u00f6nnen \"individuell\" buchen, in diesem Fall findet der Kurs zusammen mit anderen Erwachsenen nach unserem Zeitplan statt. Oder Sie buchen bei uns \"privat\" f\u00fcr sich und Ihren Partner, Ihre Familie, Freunde oder Kollegen. Bei einem Privatkurs sind keine \"Fremden\" an Bord. Vielmehr mieten Sie zu einem Festpreis ein Boot inkl. qualifiziertem Instruktor und segeln mit Ihren angemeldeten G\u00e4sten. Wir bieten alle Kurse auf CWO-Niveau an. Ihre Fortschritte werden im CWO-Wassersportdiplom festgehalten, so dass Sie mit jedem Segeltag Ihrem pers\u00f6nlichen Ziel oder eventuell gew\u00fcnschten Diplom n\u00e4her kommen. Die Dauer des Kurses spielt dabei keine Rolle.<br><br>Wenn Sie hier kein passendes Angebot finden, wenden Sie sich bitte an <a href=\"https:\/\/www.aurasailing.nl\/de\/contact\/\" data-type=\"page\" data-id=\"1655\"><span style=\"text-decoration: underline;\">Kontakt<\/span><\/a> und wir werden unser M\u00f6glichstes tun, um einen ma\u00dfgeschneiderten Kurs f\u00fcr Sie zu erstellen.<\/p>\n<\/div><\/div>\n<\/div><\/div>\n<\/div><\/section><\/div>\n\n\n\n<div class=\"section-wrapper\" data-id=\"kj8P6M\"><section class=\"wp-block-gutenverse-section guten-element guten-section guten-kj8P6M layout-boxed align-stretch\"><div class=\"guten-container guten-column-gap-no\">\n<div class=\"wp-block-gutenverse-column guten-element guten-column guten-WRL7el\"><div class=\"guten-column-wrapper\" data-id=\"WRL7el\">\n<div class=\"section-wrapper\" data-id=\"x2Tw9O\"><section class=\"wp-block-gutenverse-section guten-element guten-section guten-x2Tw9O layout-boxed align-stretch\"><div class=\"guten-container guten-column-gap-no\">\n<div class=\"wp-block-gutenverse-column guten-element guten-column guten-UgR6QP animated guten-element-hide desktop-fadeInUp\"><div class=\"guten-column-wrapper\" data-id=\"UgR6QP\">\n<div class=\"wp-block-gutenverse-image guten-element guten-image guten-EzcVgZ\"><a class=\"guten-image-wrapper\" href=\"https:\/\/www.aurasailing.nl\/de\/cursussen2025\/dagcursus-valk-1-daagse-privee\/\"><img fetchpriority=\"high\" decoding=\"async\" class=\"gutenverse-image-box-filled\" src=\"https:\/\/www.aurasailing.nl\/wp-content\/uploads\/2024\/12\/jeroen_cursus_12_08_23_0357-scaled.jpg\" height=\"1920\" width=\"2560\"\/><\/a><\/div>\n\n\n\n<h6 class=\"wp-block-gutenverse-heading guten-element guten-PPzxA0\">CWO Tageskurs Kielboot privat<br>Ab 335 \u20ac pro Boot mit privatem Segellehrer<\/h6>\n\n\n\n<div class=\"guten-element gutenverse-text-editor guten-U2sp6l\"><div class=\"text-content-inner\">\n<p class=\"has-primary-color has-text-color has-link-color wp-elements-cd8c8b2539a21f5a6eb11c80b238294b\">Genie\u00dfen Sie einen Tag Segelspa\u00df auf einem offenen Kielboot (Valk) zusammen mit Ihrem Partner, Freunden, Kollegen oder Ihrer Familie. Unter der Anleitung eines erfahrenen Privatlehrers lernen Sie die Tricks des Segelns. Der Kurs bietet Platz f\u00fcr bis zu vier Personen und ist auch f\u00fcr Familien mit Kindern geeignet (nach Absprache). W\u00e4hrend dieses entspannten und lehrreichen Tages erhalten Sie praktische Anweisungen und entdecken die Freude am Segeln in der sch\u00f6nen friesischen Seenlandschaft. Ihre Fortschritte werden digital im CWO-Portal festgehalten, so dass Sie gezielt an der Erreichung Ihrer Segelziele arbeiten k\u00f6nnen. <\/p>\n<\/div><\/div>\n\n\n\n<div class=\"section-wrapper\" data-id=\"ULqcHL\"><section class=\"wp-block-gutenverse-section guten-element guten-section guten-ULqcHL layout-boxed align-stretch\"><div class=\"guten-container guten-column-gap-no\">\n<div class=\"wp-block-gutenverse-column guten-element guten-column guten-eySmxZ\"><div class=\"guten-column-wrapper\" data-id=\"eySmxZ\">\n<div class=\"guten-element guten-button-wrapper guten-l8t1pC\"><a class=\"guten-button guten-button-sm\" href=\"https:\/\/www.aurasailing.nl\/de\/cursussen2025\/dagcursus-valk-1-daagse-privee\/\"><span>mehr Info<\/span><\/a><\/div>\n<\/div><\/div>\n<\/div><\/section><\/div>\n<\/div><\/div>\n<\/div><\/section><\/div>\n<\/div><\/div>\n\n\n\n<div class=\"wp-block-gutenverse-column guten-element guten-column guten-FwPpvm\"><div class=\"guten-column-wrapper\" data-id=\"FwPpvm\">\n<div class=\"section-wrapper\" data-id=\"x2Tw9O\"><section class=\"wp-block-gutenverse-section guten-element guten-section guten-x2Tw9O layout-boxed align-stretch\"><div class=\"guten-container guten-column-gap-no\">\n<div class=\"wp-block-gutenverse-column guten-element guten-column guten-UgR6QP animated guten-element-hide desktop-fadeInUp\"><div class=\"guten-column-wrapper\" data-id=\"UgR6QP\">\n<div class=\"wp-block-gutenverse-image guten-element guten-image guten-EzcVgZ\"><a class=\"guten-image-wrapper\" href=\"https:\/\/www.aurasailing.nl\/de\/cursussen2025\/dagcursus-valk-1-daagse-individueel\/\"><img decoding=\"async\" class=\"gutenverse-image-box-filled\" src=\"https:\/\/www.aurasailing.nl\/wp-content\/uploads\/2022\/12\/Valk4_3.jpg\" height=\"1200\" width=\"1600\"\/><\/a><\/div>\n\n\n\n<h6 class=\"wp-block-gutenverse-heading guten-element guten-PPzxA0\">CWO Tageskurs Kielboot individuell<br>Ab \u20ac130,- pro Person max. 4 Personen<\/h6>\n\n\n\n<div class=\"guten-element gutenverse-text-editor guten-U2sp6l\"><div class=\"text-content-inner\">\n<p class=\"has-primary-color has-text-color has-link-color wp-elements-c14337e0a27b7973c41c15192df757e2\">Schlie\u00dfen Sie sich einer Gruppe von bis zu drei Teilnehmern an und machen Sie einen Tageskurs auf einem unserer Kielboote (Valk). Unter der Leitung eines erfahrenen Ausbilders werden Sie in die Grundlagen des Segelns eingef\u00fchrt. Dieser lehrreiche T\u00f6rn ist ideal f\u00fcr Anf\u00e4nger, die Schritt f\u00fcr Schritt lernen wollen, aber auch f\u00fcr fortgeschrittene Segler, die ihre F\u00e4higkeiten verbessern wollen, geeignet. Die friesische Seenplatte bildet die Kulisse f\u00fcr diesen inspirierenden Segeltag. Ihre Fortschritte werden digital im CWO-Portal festgehalten, so dass Sie gezielt an der Erreichung Ihrer Segelziele arbeiten k\u00f6nnen.<\/p>\n<\/div><\/div>\n\n\n\n<div class=\"section-wrapper\" data-id=\"ULqcHL\"><section class=\"wp-block-gutenverse-section guten-element guten-section guten-ULqcHL layout-boxed align-stretch\"><div class=\"guten-container guten-column-gap-no\">\n<div class=\"wp-block-gutenverse-column guten-element guten-column guten-eySmxZ\"><div class=\"guten-column-wrapper\" data-id=\"eySmxZ\">\n<div class=\"guten-element guten-button-wrapper guten-l8t1pC\"><a class=\"guten-button guten-button-sm\" href=\"https:\/\/www.aurasailing.nl\/de\/cursussen2025\/dagcursus-valk-1-daagse-individueel\/\"><span>mehr Info<\/span><\/a><\/div>\n<\/div><\/div>\n<\/div><\/section><\/div>\n<\/div><\/div>\n<\/div><\/section><\/div>\n<\/div><\/div>\n<\/div><\/section><\/div>\n\n\n\n<div class=\"section-wrapper\" data-id=\"EVTgTq\"><section class=\"wp-block-gutenverse-section guten-element guten-section guten-EVTgTq layout-boxed align-stretch\"><div class=\"guten-container guten-column-gap-no\">\n<div class=\"wp-block-gutenverse-column guten-element guten-column guten-bNSZpB\"><div class=\"guten-column-wrapper\" data-id=\"bNSZpB\">\n<div class=\"section-wrapper\" data-id=\"x2Tw9O\"><section class=\"wp-block-gutenverse-section guten-element guten-section guten-x2Tw9O layout-boxed align-stretch\"><div class=\"guten-container guten-column-gap-no\">\n<div class=\"wp-block-gutenverse-column guten-element guten-column guten-UgR6QP animated guten-element-hide desktop-fadeInUp\"><div class=\"guten-column-wrapper\" data-id=\"UgR6QP\">\n<div class=\"wp-block-gutenverse-image guten-element guten-image guten-EzcVgZ\"><a class=\"guten-image-wrapper\" href=\"https:\/\/www.aurasailing.nl\/de\/cursussen2025\/kajuitzeiljacht-1-daagse-cursus-individueel\/\"><img decoding=\"async\" class=\"gutenverse-image-box-filled\" src=\"https:\/\/www.aurasailing.nl\/wp-content\/uploads\/2023\/07\/20230718_145701-scaled-e1733962382498.jpg\" height=\"1050\" width=\"2560\"\/><\/a><\/div>\n\n\n\n<h6 class=\"wp-block-gutenverse-heading guten-element guten-PPzxA0\">CWO Tageskurs Segelyacht individuell<br>Ab \u20ac160 pro Person, max. 4 Personen<\/h6>\n\n\n\n<div class=\"guten-element gutenverse-text-editor guten-U2sp6l\"><div class=\"text-content-inner\">\n<p class=\"has-primary-color has-text-color has-link-color wp-elements-5cb8dc00c8a5246a2686b5c94c11f537\">Erleben Sie die Grundlagen des Jachtsegelns w\u00e4hrend eines Tageskurses auf einer komfortablen 34-38-Fu\u00df-Kabinenjacht. Zusammen mit maximal drei Mitsch\u00fclern lernen Sie unter Anleitung eines erfahrenen CWO-Instruktors sicheres Man\u00f6vrieren, selbst\u00e4ndiges Segeln und effektive Zusammenarbeit. Die sch\u00f6ne friesische Seenplatte bildet die Kulisse f\u00fcr dieses lehrreiche und unterhaltsame Erlebnis. Au\u00dferdem erhalten Sie praktische Tipps und pers\u00f6nliches Coaching, um Ihre Segelkenntnisse zu verbessern. W\u00e4hrend des Kurses werden Ihre Fortschritte digital im CWO-Portal festgehalten, so dass Sie sich Schritt f\u00fcr Schritt Ihrem pers\u00f6nlichen Ziel n\u00e4hern k\u00f6nnen. Ideal f\u00fcr Segelbegeisterte aller Niveaus.<\/p>\n<\/div><\/div>\n\n\n\n<div class=\"section-wrapper\" data-id=\"ULqcHL\"><section class=\"wp-block-gutenverse-section guten-element guten-section guten-ULqcHL layout-boxed align-stretch\"><div class=\"guten-container guten-column-gap-no\">\n<div class=\"wp-block-gutenverse-column guten-element guten-column guten-eySmxZ\"><div class=\"guten-column-wrapper\" data-id=\"eySmxZ\">\n<div class=\"guten-element guten-button-wrapper guten-l8t1pC\"><a class=\"guten-button guten-button-sm\" href=\"https:\/\/www.aurasailing.nl\/de\/cursussen2025\/kajuitzeiljacht-1-daagse-cursus-individueel\/\"><span>mehr Info<\/span><\/a><\/div>\n<\/div><\/div>\n<\/div><\/section><\/div>\n<\/div><\/div>\n<\/div><\/section><\/div>\n<\/div><\/div>\n\n\n\n<div class=\"wp-block-gutenverse-column guten-element guten-column guten-CDn2cS\"><div class=\"guten-column-wrapper\" data-id=\"CDn2cS\">\n<div class=\"section-wrapper\" data-id=\"x2Tw9O\"><section class=\"wp-block-gutenverse-section guten-element guten-section guten-x2Tw9O layout-boxed align-stretch\"><div class=\"guten-container guten-column-gap-no\">\n<div class=\"wp-block-gutenverse-column guten-element guten-column guten-UgR6QP animated guten-element-hide desktop-fadeInUp\"><div class=\"guten-column-wrapper\" data-id=\"UgR6QP\">\n<div class=\"wp-block-gutenverse-image guten-element guten-image guten-EzcVgZ\"><a class=\"guten-image-wrapper\" href=\"https:\/\/www.aurasailing.nl\/de\/cursussen2025\/kajuitzeiljacht-1-daagse-cursus-privee\/\"><img loading=\"lazy\" decoding=\"async\" class=\"gutenverse-image-box-filled\" src=\"https:\/\/www.aurasailing.nl\/wp-content\/uploads\/2023\/01\/202009-Diversen_00102.jpg\" height=\"1035\" width=\"1559\"\/><\/a><\/div>\n\n\n\n<h6 class=\"wp-block-gutenverse-heading guten-element guten-PPzxA0\">CWO Tageskurs Kabine Segelyacht privat<br>Ab \u20ac420 pro max. 4 Personen inkl. Privatlehrer<\/h6>\n\n\n\n<div class=\"guten-element gutenverse-text-editor guten-U2sp6l\"><div class=\"text-content-inner\">\n<p class=\"has-primary-color has-text-color has-link-color wp-elements-b90497c3bd35d3148f7cfb6f2cc55d03\">Buchen Sie einen exklusiven Tageskurs auf einer komfortablen 34-38-Fu\u00df-Kabinen-Segeljacht. Zusammen mit Ihrem Partner, Ihrer Familie, Freunden oder Kollegen werden Sie von einem CWO-zertifizierten Ausbilder pers\u00f6nlich angeleitet. Lernen Sie sicheres Man\u00f6vrieren, selbst\u00e4ndiges Segeln und die wichtigsten Segeltechniken in einer entspannten Umgebung. Genie\u00dfen Sie ein einzigartiges Erlebnis auf dem Wasser in der friesischen Seenplatte. Dieser Kurs ist ideal f\u00fcr Gruppen von bis zu vier Personen, die in Ruhe und Abgeschiedenheit segeln lernen m\u00f6chten. Ihre Fortschritte werden im CWO-Portal digital verfolgt, so dass Sie gezielt auf Ihre pers\u00f6nlichen Ziele hinarbeiten k\u00f6nnen. <br>Verbinden Sie Lernen mit Spa\u00df und entdecken Sie die Magie des Segelns.<\/p>\n<\/div><\/div>\n\n\n\n<div class=\"section-wrapper\" data-id=\"ULqcHL\"><section class=\"wp-block-gutenverse-section guten-element guten-section guten-ULqcHL layout-boxed align-stretch\"><div class=\"guten-container guten-column-gap-no\">\n<div class=\"wp-block-gutenverse-column guten-element guten-column guten-eySmxZ\"><div class=\"guten-column-wrapper\" data-id=\"eySmxZ\">\n<div class=\"guten-element guten-button-wrapper guten-l8t1pC\"><a class=\"guten-button guten-button-sm\" href=\"https:\/\/www.aurasailing.nl\/de\/cursussen2025\/kajuitzeiljacht-1-daagse-cursus-privee\/\"><span>mehr Info<\/span><\/a><\/div>\n<\/div><\/div>\n<\/div><\/section><\/div>\n<\/div><\/div>\n<\/div><\/section><\/div>\n<\/div><\/div>\n<\/div><\/section><\/div>","protected":false},"excerpt":{"rendered":"","protected":false},"author":1,"featured_media":0,"parent":0,"menu_order":0,"comment_status":"closed","ping_status":"closed","template":"template-basic","meta":{"footnotes":""},"class_list":["post-3342","page","type-page","status-publish","hentry"],"_links":{"self":[{"href":"https:\/\/www.aurasailing.nl\/de\/wp-json\/wp\/v2\/pages\/3342","targetHints":{"allow":["GET"]}}],"collection":[{"href":"https:\/\/www.aurasailing.nl\/de\/wp-json\/wp\/v2\/pages"}],"about":[{"href":"https:\/\/www.aurasailing.nl\/de\/wp-json\/wp\/v2\/types\/page"}],"author":[{"embeddable":true,"href":"https:\/\/www.aurasailing.nl\/de\/wp-json\/wp\/v2\/users\/1"}],"replies":[{"embeddable":true,"href":"https:\/\/www.aurasailing.nl\/de\/wp-json\/wp\/v2\/comments?post=3342"}],"version-history":[{"count":52,"href":"https:\/\/www.aurasailing.nl\/de\/wp-json\/wp\/v2\/pages\/3342\/revisions"}],"predecessor-version":[{"id":6651,"href":"https:\/\/www.aurasailing.nl\/de\/wp-json\/wp\/v2\/pages\/3342\/revisions\/6651"}],"wp:attachment":[{"href":"https:\/\/www.aurasailing.nl\/de\/wp-json\/wp\/v2\/media?parent=3342"}],"curies":[{"name":"wp","href":"https:\/\/api.w.org\/{rel}","templated":true}]}}