{"id":3738,"date":"2023-01-22T23:24:26","date_gmt":"2023-01-22T22:24:26","guid":{"rendered":"https:\/\/www.aurasailing.nl\/dagcursussen-2023-2\/"},"modified":"2025-11-18T17:30:49","modified_gmt":"2025-11-18T16:30:49","slug":"valk-cursussen","status":"publish","type":"page","link":"https:\/\/www.aurasailing.nl\/de\/valk-cursussen\/","title":{"rendered":"Valk Kurse"},"content":{"rendered":"<div class=\"section-wrapper\" data-id=\"DXYTvG\"><section class=\"wp-block-gutenverse-section guten-element guten-section guten-DXYTvG layout-boxed align-middle\"><div class=\"guten-background-overlay\"><\/div><div class=\"guten-container guten-column-gap-default\">\n<div class=\"wp-block-gutenverse-column guten-element guten-column guten-UyWHwF\"><div class=\"guten-column-wrapper\" data-id=\"UyWHwF\">\n<h1 class=\"wp-block-gutenverse-heading guten-element guten-oSnOnu animated guten-element-hide desktop-fadeInUp\">FALL SAILS<br>Segelgrundschein<\/h1>\n<\/div><\/div>\n<\/div><\/section><\/div>\n\n\n\n<div class=\"section-wrapper\" data-id=\"B5CBL9\"><section class=\"wp-block-gutenverse-section guten-element guten-section guten-B5CBL9 layout-boxed align-stretch\"><div class=\"guten-container guten-column-gap-no\">\n<div class=\"wp-block-gutenverse-column guten-element guten-column guten-YzGHOP\"><div class=\"guten-column-wrapper\" data-id=\"YzGHOP\">\n<h2 class=\"wp-block-gutenverse-heading guten-element guten-nUWUZP animated guten-element-hide desktop-fadeInLeft\">Unsere Kurse f\u00fcr offene Kielboote (Valk)<\/h2>\n\n\n\n<div class=\"guten-element gutenverse-text-editor guten-UTcPyQ animated guten-element-hide desktop-fadeInLeft\"><div class=\"text-content-inner\">\n<p class=\"has-link-color wp-elements-94b95f98024e376dcd7f34c17537d9dd\" style=\"padding-top:var(--wp--preset--spacing--20);padding-bottom:var(--wp--preset--spacing--20)\">Nachstehend finden Sie eine \u00dcbersicht \u00fcber die offenen Kielbootkurse (Valk), die wir anbieten. Aura Sailing bietet Kielbootkurse sowohl f\u00fcr Anf\u00e4nger als auch f\u00fcr Fortgeschrittene an. Sie k\u00f6nnen einen Kurs \"individuell\" buchen und zusammen mit anderen Erwachsenen an einem Kurs nach unserem Format teilnehmen. Oder Sie w\u00e4hlen einen \"Privatkurs\" und buchen ihn f\u00fcr sich selbst, Ihren Partner, Ihre Familie, Freunde oder Kollegen. Bei einem Privatkurs sind keine anderen Sch\u00fcler an Bord. Sie mieten dann tats\u00e4chlich ein Boot mit einem qualifizierten Lehrer zu einem Festpreis und segeln mit den Personen, die Sie angemeldet haben.<\/p>\n\n\n\n<p style=\"padding-top:var(--wp--preset--spacing--20);padding-bottom:var(--wp--preset--spacing--20)\">Alle Kurse werden auf CWO-Niveau unterrichtet. Ihr Fortschritt wird im CWO Watersports Diploma verfolgt, so dass jeder Segeltag Sie n\u00e4her an Ihr pers\u00f6nliches Ziel oder Ihr gew\u00fcnschtes Diplom bringt. Die Dauer des Kurses spielt dabei keine Rolle.<\/p>\n\n\n\n<p class=\"has-link-color wp-elements-e97479253afb669697c4d8cdc9719ff0\" style=\"padding-top:var(--wp--preset--spacing--20);padding-bottom:var(--wp--preset--spacing--20)\">Ist Ihr idealer Kurs nicht dabei? F\u00fchlen Sie sich frei zu <a href=\"https:\/\/www.aurasailing.nl\/de\/contact\/\" data-type=\"page\" data-id=\"1655\">Kontakt <\/a>mit uns, und wir werden alles tun, um einen ma\u00dfgeschneiderten Kurs f\u00fcr Sie zu realisieren!<\/p>\n<\/div><\/div>\n<\/div><\/div>\n<\/div><\/section><\/div>\n\n\n\n<div class=\"section-wrapper\" data-id=\"lihzof\"><section class=\"wp-block-gutenverse-section guten-element guten-section guten-lihzof layout-boxed align-stretch\"><div class=\"guten-container guten-column-gap-no\">\n<div class=\"wp-block-gutenverse-column guten-element guten-column guten-Mqnten\"><div class=\"guten-column-wrapper\" data-id=\"Mqnten\">\n<div class=\"section-wrapper\" data-id=\"x2Tw9O\"><section class=\"wp-block-gutenverse-section guten-element guten-section guten-x2Tw9O layout-boxed align-stretch\"><div class=\"guten-container guten-column-gap-no\">\n<div class=\"wp-block-gutenverse-column guten-element guten-column guten-UgR6QP animated guten-element-hide desktop-fadeInUp\"><div class=\"guten-column-wrapper\" data-id=\"UgR6QP\">\n<div class=\"wp-block-gutenverse-image guten-element guten-image guten-EzcVgZ\"><a class=\"guten-image-wrapper\" href=\"https:\/\/www.aurasailing.nl\/de\/cursussen2025\/dagcursus-valk-1-daagse-privee\/\"><img fetchpriority=\"high\" decoding=\"async\" class=\"gutenverse-image-box-filled\" src=\"https:\/\/www.aurasailing.nl\/wp-content\/uploads\/2024\/12\/jeroen_cursus_12_08_23_0357-scaled.jpg\" height=\"1920\" width=\"2560\"\/><\/a><\/div>\n\n\n\n<h6 class=\"wp-block-gutenverse-heading guten-element guten-PPzxA0\">CWO Tageskurs Kielboot privat<br>Ab 335 \u20ac pro Boot mit privatem Segellehrer<\/h6>\n\n\n\n<div class=\"guten-element gutenverse-text-editor guten-U2sp6l\"><div class=\"text-content-inner\">\n<p class=\"has-primary-color has-text-color has-link-color wp-elements-cd8c8b2539a21f5a6eb11c80b238294b\">Genie\u00dfen Sie einen Tag Segelspa\u00df auf einem offenen Kielboot (Valk) zusammen mit Ihrem Partner, Freunden, Kollegen oder Ihrer Familie. Unter der Anleitung eines erfahrenen Privatlehrers lernen Sie die Tricks des Segelns. Der Kurs bietet Platz f\u00fcr bis zu vier Personen und ist auch f\u00fcr Familien mit Kindern geeignet (nach Absprache). W\u00e4hrend dieses entspannten und lehrreichen Tages erhalten Sie praktische Anweisungen und entdecken die Freude am Segeln in der sch\u00f6nen friesischen Seenlandschaft. Ihre Fortschritte werden digital im CWO-Portal festgehalten, so dass Sie gezielt an der Erreichung Ihrer Segelziele arbeiten k\u00f6nnen. <\/p>\n<\/div><\/div>\n\n\n\n<div class=\"section-wrapper\" data-id=\"ULqcHL\"><section class=\"wp-block-gutenverse-section guten-element guten-section guten-ULqcHL layout-boxed align-stretch\"><div class=\"guten-container guten-column-gap-no\">\n<div class=\"wp-block-gutenverse-column guten-element guten-column guten-eySmxZ\"><div class=\"guten-column-wrapper\" data-id=\"eySmxZ\">\n<div class=\"guten-element guten-button-wrapper guten-l8t1pC\"><a class=\"guten-button guten-button-sm\" href=\"https:\/\/www.aurasailing.nl\/de\/cursussen2025\/dagcursus-valk-1-daagse-privee\/\"><span>mehr Info<\/span><\/a><\/div>\n<\/div><\/div>\n<\/div><\/section><\/div>\n<\/div><\/div>\n<\/div><\/section><\/div>\n<\/div><\/div>\n\n\n\n<div class=\"wp-block-gutenverse-column guten-element guten-column guten-EcKTuH\"><div class=\"guten-column-wrapper\" data-id=\"EcKTuH\">\n<div class=\"section-wrapper\" data-id=\"x2Tw9O\"><section class=\"wp-block-gutenverse-section guten-element guten-section guten-x2Tw9O layout-boxed align-stretch\"><div class=\"guten-container guten-column-gap-no\">\n<div class=\"wp-block-gutenverse-column guten-element guten-column guten-UgR6QP animated guten-element-hide desktop-fadeInUp\"><div class=\"guten-column-wrapper\" data-id=\"UgR6QP\">\n<div class=\"wp-block-gutenverse-image guten-element guten-image guten-EzcVgZ\"><a class=\"guten-image-wrapper\" href=\"https:\/\/www.aurasailing.nl\/de\/cursussen2025\/dagcursus-valk-1-daagse-individueel\/\"><img decoding=\"async\" class=\"gutenverse-image-box-filled\" src=\"https:\/\/www.aurasailing.nl\/wp-content\/uploads\/2022\/12\/Valk4_3.jpg\" height=\"1200\" width=\"1600\"\/><\/a><\/div>\n\n\n\n<h6 class=\"wp-block-gutenverse-heading guten-element guten-PPzxA0\">CWO Tageskurs Kielboot individuell<br>Ab \u20ac130,- pro Person max. 4 Personen<\/h6>\n\n\n\n<div class=\"guten-element gutenverse-text-editor guten-U2sp6l\"><div class=\"text-content-inner\">\n<p class=\"has-primary-color has-text-color has-link-color wp-elements-c14337e0a27b7973c41c15192df757e2\">Schlie\u00dfen Sie sich einer Gruppe von bis zu drei Teilnehmern an und machen Sie einen Tageskurs auf einem unserer Kielboote (Valk). Unter der Leitung eines erfahrenen Ausbilders werden Sie in die Grundlagen des Segelns eingef\u00fchrt. Dieser lehrreiche T\u00f6rn ist ideal f\u00fcr Anf\u00e4nger, die Schritt f\u00fcr Schritt lernen wollen, aber auch f\u00fcr fortgeschrittene Segler, die ihre F\u00e4higkeiten verbessern wollen, geeignet. Die friesische Seenplatte bildet die Kulisse f\u00fcr diesen inspirierenden Segeltag. Ihre Fortschritte werden digital im CWO-Portal festgehalten, so dass Sie gezielt an der Erreichung Ihrer Segelziele arbeiten k\u00f6nnen.<\/p>\n<\/div><\/div>\n\n\n\n<div class=\"section-wrapper\" data-id=\"ULqcHL\"><section class=\"wp-block-gutenverse-section guten-element guten-section guten-ULqcHL layout-boxed align-stretch\"><div class=\"guten-container guten-column-gap-no\">\n<div class=\"wp-block-gutenverse-column guten-element guten-column guten-eySmxZ\"><div class=\"guten-column-wrapper\" data-id=\"eySmxZ\">\n<div class=\"guten-element guten-button-wrapper guten-l8t1pC\"><a class=\"guten-button guten-button-sm\" href=\"https:\/\/www.aurasailing.nl\/de\/cursussen2025\/dagcursus-valk-1-daagse-individueel\/\"><span>mehr Info<\/span><\/a><\/div>\n<\/div><\/div>\n<\/div><\/section><\/div>\n<\/div><\/div>\n<\/div><\/section><\/div>\n<\/div><\/div>\n<\/div><\/section><\/div>","protected":false},"excerpt":{"rendered":"","protected":false},"author":1,"featured_media":0,"parent":0,"menu_order":0,"comment_status":"closed","ping_status":"closed","template":"template-basic","meta":{"footnotes":""},"class_list":["post-3738","page","type-page","status-publish","hentry"],"_links":{"self":[{"href":"https:\/\/www.aurasailing.nl\/de\/wp-json\/wp\/v2\/pages\/3738","targetHints":{"allow":["GET"]}}],"collection":[{"href":"https:\/\/www.aurasailing.nl\/de\/wp-json\/wp\/v2\/pages"}],"about":[{"href":"https:\/\/www.aurasailing.nl\/de\/wp-json\/wp\/v2\/types\/page"}],"author":[{"embeddable":true,"href":"https:\/\/www.aurasailing.nl\/de\/wp-json\/wp\/v2\/users\/1"}],"replies":[{"embeddable":true,"href":"https:\/\/www.aurasailing.nl\/de\/wp-json\/wp\/v2\/comments?post=3738"}],"version-history":[{"count":4,"href":"https:\/\/www.aurasailing.nl\/de\/wp-json\/wp\/v2\/pages\/3738\/revisions"}],"predecessor-version":[{"id":6844,"href":"https:\/\/www.aurasailing.nl\/de\/wp-json\/wp\/v2\/pages\/3738\/revisions\/6844"}],"wp:attachment":[{"href":"https:\/\/www.aurasailing.nl\/de\/wp-json\/wp\/v2\/media?parent=3738"}],"curies":[{"name":"wp","href":"https:\/\/api.w.org\/{rel}","templated":true}]}}