{"id":3784,"date":"2023-01-23T08:48:31","date_gmt":"2023-01-23T07:48:31","guid":{"rendered":"https:\/\/www.aurasailing.nl\/cursussen2023-2\/"},"modified":"2025-11-18T17:30:42","modified_gmt":"2025-11-18T16:30:42","slug":"privecursussen","status":"publish","type":"page","link":"https:\/\/www.aurasailing.nl\/de\/privecursussen\/","title":{"rendered":"Privatkurse"},"content":{"rendered":"<div class=\"section-wrapper\" data-id=\"DXYTvG\"><section class=\"wp-block-gutenverse-section guten-element guten-section guten-DXYTvG layout-boxed align-middle\"><div class=\"guten-background-overlay\"><\/div><div class=\"guten-container guten-column-gap-default\">\n<div class=\"wp-block-gutenverse-column guten-element guten-column guten-UyWHwF\"><div class=\"guten-column-wrapper\" data-id=\"UyWHwF\">\n<h1 class=\"wp-block-gutenverse-heading guten-element guten-oSnOnu animated guten-element-hide desktop-fadeInUp\">CWO PRIVAT SEGELKURSE<br>FRIESLAND, IJSSELMEER UND WATTENINSELN<\/h1>\n<\/div><\/div>\n<\/div><\/section><\/div>\n\n\n\n<div class=\"section-wrapper\" data-id=\"B5CBL9\"><section class=\"wp-block-gutenverse-section guten-element guten-section guten-B5CBL9 layout-boxed align-stretch\"><div class=\"guten-container guten-column-gap-no\">\n<div class=\"wp-block-gutenverse-column guten-element guten-column guten-YzGHOP\"><div class=\"guten-column-wrapper\" data-id=\"YzGHOP\">\n<h2 class=\"wp-block-gutenverse-heading guten-element guten-nUWUZP animated guten-element-hide desktop-fadeInLeft\">Unsere CWO-Privatkurse<\/h2>\n\n\n\n<div class=\"guten-element gutenverse-text-editor guten-UTcPyQ animated guten-element-hide desktop-fadeInLeft\"><div class=\"text-content-inner\">\n<p class=\"has-link-color wp-elements-a3ae52431c58ebc3a9b3a9ee23a5beb7\">Nachfolgend finden Sie eine \u00dcbersicht \u00fcber die Privatkurse, die wir anbieten. Aura Sailing bietet Privatkurse sowohl f\u00fcr Anf\u00e4nger als auch f\u00fcr Fortgeschrittene an. Sie k\u00f6nnen einen Kurs \"individuell\" buchen und mit anderen Erwachsenen nach unserem Format teilnehmen. Oder Sie entscheiden sich f\u00fcr einen \"Privatkurs\" und buchen f\u00fcr sich, Ihren Partner, Ihre Familie, Freunde oder Kollegen. Bei einem Privatkurs sind keine anderen Teilnehmer an Bord. Sie mieten dann tats\u00e4chlich ein Boot mit einem qualifizierten Lehrer zu einem Festpreis und segeln mit den Personen, die Sie angemeldet haben.<\/p>\n\n\n\n<p style=\"padding-top:var(--wp--preset--spacing--20);padding-bottom:var(--wp--preset--spacing--20)\">Alle Kurse werden auf CWO-Niveau unterrichtet. Ihr Fortschritt wird im CWO Watersports Diploma verfolgt, so dass jeder Segeltag Sie n\u00e4her an Ihr pers\u00f6nliches Ziel oder Ihr gew\u00fcnschtes Diplom bringt. Die Dauer des Kurses spielt dabei keine Rolle.<\/p>\n\n\n\n<p class=\"has-link-color wp-elements-d397450a36056199d210c2c3b9322a1e\">Ist Ihr idealer Kurs nicht dabei? F\u00fchlen Sie sich frei zu <a href=\"https:\/\/www.aurasailing.nl\/de\/contact\/\" data-type=\"page\" data-id=\"1655\">Kontakt <\/a>mit uns, und wir werden alles tun, um einen ma\u00dfgeschneiderten Kurs f\u00fcr Sie zu realisieren!<\/p>\n<\/div><\/div>\n<\/div><\/div>\n<\/div><\/section><\/div>\n\n\n\n<div class=\"section-wrapper\" data-id=\"cC6yp9\"><section class=\"wp-block-gutenverse-section guten-element guten-section guten-cC6yp9 layout-boxed align-stretch\"><div class=\"guten-container guten-column-gap-no\">\n<div class=\"wp-block-gutenverse-column guten-element guten-column guten-Iw2K4B\"><div class=\"guten-column-wrapper\" data-id=\"Iw2K4B\">\n<div class=\"section-wrapper\" data-id=\"x2Tw9O\"><section class=\"wp-block-gutenverse-section guten-element guten-section guten-x2Tw9O layout-boxed align-stretch\"><div class=\"guten-container guten-column-gap-no\">\n<div class=\"wp-block-gutenverse-column guten-element guten-column guten-UgR6QP animated guten-element-hide desktop-fadeInUp\"><div class=\"guten-column-wrapper\" data-id=\"UgR6QP\">\n<div class=\"wp-block-gutenverse-image guten-element guten-image guten-EzcVgZ\"><a class=\"guten-image-wrapper\" href=\"https:\/\/www.aurasailing.nl\/de\/cursussen2025\/dagcursus-valk-1-daagse-privee\/\"><img fetchpriority=\"high\" decoding=\"async\" class=\"gutenverse-image-box-filled\" src=\"https:\/\/www.aurasailing.nl\/wp-content\/uploads\/2024\/12\/jeroen_cursus_12_08_23_0357-scaled.jpg\" height=\"1920\" width=\"2560\"\/><\/a><\/div>\n\n\n\n<h6 class=\"wp-block-gutenverse-heading guten-element guten-PPzxA0\">CWO Tageskurs Kielboot privat<br>Ab 335 \u20ac pro Boot mit privatem Segellehrer<\/h6>\n\n\n\n<div class=\"guten-element gutenverse-text-editor guten-U2sp6l\"><div class=\"text-content-inner\">\n<p class=\"has-primary-color has-text-color has-link-color wp-elements-cd8c8b2539a21f5a6eb11c80b238294b\">Genie\u00dfen Sie einen Tag Segelspa\u00df auf einem offenen Kielboot (Valk) zusammen mit Ihrem Partner, Freunden, Kollegen oder Ihrer Familie. Unter der Anleitung eines erfahrenen Privatlehrers lernen Sie die Tricks des Segelns. Der Kurs bietet Platz f\u00fcr bis zu vier Personen und ist auch f\u00fcr Familien mit Kindern geeignet (nach Absprache). W\u00e4hrend dieses entspannten und lehrreichen Tages erhalten Sie praktische Anweisungen und entdecken die Freude am Segeln in der sch\u00f6nen friesischen Seenlandschaft. Ihre Fortschritte werden digital im CWO-Portal festgehalten, so dass Sie gezielt an der Erreichung Ihrer Segelziele arbeiten k\u00f6nnen. <\/p>\n<\/div><\/div>\n\n\n\n<div class=\"section-wrapper\" data-id=\"ULqcHL\"><section class=\"wp-block-gutenverse-section guten-element guten-section guten-ULqcHL layout-boxed align-stretch\"><div class=\"guten-container guten-column-gap-no\">\n<div class=\"wp-block-gutenverse-column guten-element guten-column guten-eySmxZ\"><div class=\"guten-column-wrapper\" data-id=\"eySmxZ\">\n<div class=\"guten-element guten-button-wrapper guten-l8t1pC\"><a class=\"guten-button guten-button-sm\" href=\"https:\/\/www.aurasailing.nl\/de\/cursussen2025\/dagcursus-valk-1-daagse-privee\/\"><span>mehr Info<\/span><\/a><\/div>\n<\/div><\/div>\n<\/div><\/section><\/div>\n<\/div><\/div>\n<\/div><\/section><\/div>\n<\/div><\/div>\n\n\n\n<div class=\"wp-block-gutenverse-column guten-element guten-column guten-WCTu1t\"><div class=\"guten-column-wrapper\" data-id=\"WCTu1t\">\n<div class=\"section-wrapper\" data-id=\"x2Tw9O\"><section class=\"wp-block-gutenverse-section guten-element guten-section guten-x2Tw9O layout-boxed align-stretch\"><div class=\"guten-container guten-column-gap-no\">\n<div class=\"wp-block-gutenverse-column guten-element guten-column guten-UgR6QP animated guten-element-hide desktop-fadeInUp\"><div class=\"guten-column-wrapper\" data-id=\"UgR6QP\">\n<div class=\"wp-block-gutenverse-image guten-element guten-image guten-EzcVgZ\"><a class=\"guten-image-wrapper\" href=\"https:\/\/www.aurasailing.nl\/de\/cursussen2025\/kajuitzeiljacht-1-daagse-cursus-privee\/\"><img decoding=\"async\" class=\"gutenverse-image-box-filled\" src=\"https:\/\/www.aurasailing.nl\/wp-content\/uploads\/2023\/01\/202009-Diversen_00102.jpg\" height=\"1035\" width=\"1559\"\/><\/a><\/div>\n\n\n\n<h6 class=\"wp-block-gutenverse-heading guten-element guten-PPzxA0\">CWO Tageskurs Kabine Segelyacht privat<br>Ab \u20ac420 pro max. 4 Personen inkl. Privatlehrer<\/h6>\n\n\n\n<div class=\"guten-element gutenverse-text-editor guten-U2sp6l\"><div class=\"text-content-inner\">\n<p class=\"has-primary-color has-text-color has-link-color wp-elements-b90497c3bd35d3148f7cfb6f2cc55d03\">Buchen Sie einen exklusiven Tageskurs auf einer komfortablen 34-38-Fu\u00df-Kabinen-Segeljacht. Zusammen mit Ihrem Partner, Ihrer Familie, Freunden oder Kollegen werden Sie von einem CWO-zertifizierten Ausbilder pers\u00f6nlich angeleitet. Lernen Sie sicheres Man\u00f6vrieren, selbst\u00e4ndiges Segeln und die wichtigsten Segeltechniken in einer entspannten Umgebung. Genie\u00dfen Sie ein einzigartiges Erlebnis auf dem Wasser in der friesischen Seenplatte. Dieser Kurs ist ideal f\u00fcr Gruppen von bis zu vier Personen, die in Ruhe und Abgeschiedenheit segeln lernen m\u00f6chten. Ihre Fortschritte werden im CWO-Portal digital verfolgt, so dass Sie gezielt auf Ihre pers\u00f6nlichen Ziele hinarbeiten k\u00f6nnen. <br>Verbinden Sie Lernen mit Spa\u00df und entdecken Sie die Magie des Segelns.<\/p>\n<\/div><\/div>\n\n\n\n<div class=\"section-wrapper\" data-id=\"ULqcHL\"><section class=\"wp-block-gutenverse-section guten-element guten-section guten-ULqcHL layout-boxed align-stretch\"><div class=\"guten-container guten-column-gap-no\">\n<div class=\"wp-block-gutenverse-column guten-element guten-column guten-eySmxZ\"><div class=\"guten-column-wrapper\" data-id=\"eySmxZ\">\n<div class=\"guten-element guten-button-wrapper guten-l8t1pC\"><a class=\"guten-button guten-button-sm\" href=\"https:\/\/www.aurasailing.nl\/de\/cursussen2025\/kajuitzeiljacht-1-daagse-cursus-privee\/\"><span>mehr Info<\/span><\/a><\/div>\n<\/div><\/div>\n<\/div><\/section><\/div>\n<\/div><\/div>\n<\/div><\/section><\/div>\n<\/div><\/div>\n<\/div><\/section><\/div>\n\n\n\n<div class=\"section-wrapper\" data-id=\"1B2bPx\"><section class=\"wp-block-gutenverse-section guten-element guten-section guten-1B2bPx layout-boxed align-stretch\"><div class=\"guten-container guten-column-gap-no\">\n<div class=\"wp-block-gutenverse-column guten-element guten-column guten-oWVhy4\"><div class=\"guten-column-wrapper\" data-id=\"oWVhy4\">\n<div class=\"section-wrapper\" data-id=\"x2Tw9O\"><section class=\"wp-block-gutenverse-section guten-element guten-section guten-x2Tw9O layout-boxed align-stretch\"><div class=\"guten-container guten-column-gap-no\">\n<div class=\"wp-block-gutenverse-column guten-element guten-column guten-UgR6QP animated guten-element-hide desktop-fadeInUp\"><div class=\"guten-column-wrapper\" data-id=\"UgR6QP\">\n<div class=\"wp-block-gutenverse-image guten-element guten-image guten-EzcVgZ\"><a class=\"guten-image-wrapper\" href=\"https:\/\/www.aurasailing.nl\/de\/cursussen2025\/kajuitzeiljacht-3-daagse-cursus-privee\/\"><img decoding=\"async\" class=\"gutenverse-image-box-filled\" src=\"https:\/\/www.aurasailing.nl\/wp-content\/uploads\/2024\/12\/IMG-20240917-WA0149-scaled.jpg\" height=\"1920\" width=\"2560\"\/><\/a><\/div>\n\n\n\n<h6 class=\"wp-block-gutenverse-heading guten-element guten-PPzxA0\"><strong>CWO 3-Tage Privatkurs Yachtsegeln<\/strong><br>Ab \u20ac 1.265,- pro max. 4 Personen inkl. Privatlehrer<\/h6>\n\n\n\n<div class=\"guten-element gutenverse-text-editor guten-U2sp6l\"><div class=\"text-content-inner\">\n<p class=\"has-primary-color has-text-color has-link-color wp-elements-ab741ed004b362c68c781ac9cacb8405\">Buchen Sie zusammen mit Ihrem Partner, Ihren Freunden, Ihrer Familie oder Ihren Kollegen einen dreit\u00e4gigen Segelkurs auf einer komfortablen 34-Fu\u00df-Kabinen-Segelyacht. Mit einem privaten Segellehrer lernen Sie in aller Ruhe und Abgeschiedenheit, selbstst\u00e4ndig zu segeln, zu kooperieren und sicher zu man\u00f6vrieren. W\u00e4hrend dieses mehrt\u00e4gigen T\u00f6rns \u00fcbernachten Sie an Bord, was das Erlebnis noch spezieller macht. Das Segelrevier umfasst das IJsselmeer und die friesischen Seen, mit viel Platz zum \u00dcben neuer Segeltechniken. Ideal f\u00fcr Anf\u00e4nger und Fortgeschrittene, die ihre Kenntnisse vertiefen und das Lernen mit Abenteuer und Entspannung verbinden m\u00f6chten. Ihre Fortschritte werden im CWO-Portal digital festgehalten, so dass Sie Schritt f\u00fcr Schritt und ohne Druck an Ihren Segelambitionen arbeiten k\u00f6nnen. <\/p>\n<\/div><\/div>\n\n\n\n<div class=\"section-wrapper\" data-id=\"ULqcHL\"><section class=\"wp-block-gutenverse-section guten-element guten-section guten-ULqcHL layout-boxed align-stretch\"><div class=\"guten-container guten-column-gap-no\">\n<div class=\"wp-block-gutenverse-column guten-element guten-column guten-eySmxZ\"><div class=\"guten-column-wrapper\" data-id=\"eySmxZ\">\n<div class=\"guten-element guten-button-wrapper guten-l8t1pC\"><a class=\"guten-button guten-button-sm\" href=\"https:\/\/www.aurasailing.nl\/de\/cursussen2025\/kajuitzeiljacht-3-daagse-cursus-privee\/\"><span>mehr Info<\/span><\/a><\/div>\n<\/div><\/div>\n<\/div><\/section><\/div>\n<\/div><\/div>\n<\/div><\/section><\/div>\n<\/div><\/div>\n\n\n\n<div class=\"wp-block-gutenverse-column guten-element guten-column guten-chQw4u\"><div class=\"guten-column-wrapper\" data-id=\"chQw4u\">\n<div class=\"section-wrapper\" data-id=\"x2Tw9O\"><section class=\"wp-block-gutenverse-section guten-element guten-section guten-x2Tw9O layout-boxed align-stretch\"><div class=\"guten-container guten-column-gap-no\">\n<div class=\"wp-block-gutenverse-column guten-element guten-column guten-UgR6QP animated guten-element-hide desktop-fadeInUp\"><div class=\"guten-column-wrapper\" data-id=\"UgR6QP\">\n<div class=\"wp-block-gutenverse-image guten-element guten-image guten-EzcVgZ\"><a class=\"guten-image-wrapper\" href=\"https:\/\/www.aurasailing.nl\/de\/cursussen2025\/kajuitzeiljacht-4-daagse-cursus-privee-3\/\"><img loading=\"lazy\" decoding=\"async\" class=\"gutenverse-image-box-filled\" src=\"https:\/\/www.aurasailing.nl\/wp-content\/uploads\/2024\/12\/20240623_130510-scaled.jpg\" height=\"1153\" width=\"2560\"\/><\/a><\/div>\n\n\n\n<h6 class=\"wp-block-gutenverse-heading guten-element guten-PPzxA0\"><strong><strong>CWO 4-tage Privatkurs Yachtsegeln<\/strong><\/strong><br>Ab \u20ac 1.695,- pro max. 4 Personen inkl. Privatlehrer<\/h6>\n\n\n\n<div class=\"guten-element gutenverse-text-editor guten-U2sp6l\"><div class=\"text-content-inner\">\n<p class=\"has-primary-color has-text-color has-link-color wp-elements-3b09221484950d9bb732cddbfa024c2f\">Genie\u00dfen Sie einen exklusiven 4-Tages-Kurs auf einer komfortablen 34-Fu\u00df-Kabinen-Segelyacht zusammen mit Ihrem Partner, Freunden, Familie oder Kollegen. Unter der Anleitung eines CWO-Instruktors lernen Sie, sicher zu man\u00f6vrieren, zu kooperieren und selbst\u00e4ndig zu segeln. Die \u00dcbernachtung an Bord macht dieses Erlebnis komplett. Das Segelrevier umfasst das IJsselmeer und die friesischen Seen, wobei die praktische Ausbildung und die pers\u00f6nliche Entwicklung im Vordergrund stehen. Ihre Fortschritte werden im CWO-Wassersportzertifikat digital festgehalten, so dass Sie gezielt auf Ihr Zertifikat hinarbeiten k\u00f6nnen. Dieser Kurs bietet ein perfektes Gleichgewicht zwischen Lernen und Spa\u00df auf dem Wasser, ideal f\u00fcr Gruppen, die gemeinsam ein unvergessliches Segelabenteuer erleben m\u00f6chten.<\/p>\n<\/div><\/div>\n\n\n\n<div class=\"section-wrapper\" data-id=\"ULqcHL\"><section class=\"wp-block-gutenverse-section guten-element guten-section guten-ULqcHL layout-boxed align-stretch\"><div class=\"guten-container guten-column-gap-no\">\n<div class=\"wp-block-gutenverse-column guten-element guten-column guten-eySmxZ\"><div class=\"guten-column-wrapper\" data-id=\"eySmxZ\">\n<div class=\"guten-element guten-button-wrapper guten-l8t1pC\"><a class=\"guten-button guten-button-sm\" href=\"https:\/\/www.aurasailing.nl\/de\/cursussen2025\/kajuitzeiljacht-4-daagse-cursus-privee-3\/\"><span>mehr Info<\/span><\/a><\/div>\n<\/div><\/div>\n<\/div><\/section><\/div>\n<\/div><\/div>\n<\/div><\/section><\/div>\n<\/div><\/div>\n<\/div><\/section><\/div>\n\n\n\n<div class=\"section-wrapper\" data-id=\"nVmw1N\"><section class=\"wp-block-gutenverse-section guten-element guten-section guten-nVmw1N layout-boxed align-stretch\"><div class=\"guten-container guten-column-gap-no\">\n<div class=\"wp-block-gutenverse-column guten-element guten-column guten-YoOHA8\"><div class=\"guten-column-wrapper\" data-id=\"YoOHA8\">\n<div class=\"section-wrapper\" data-id=\"x2Tw9O\"><section class=\"wp-block-gutenverse-section guten-element guten-section guten-x2Tw9O layout-boxed align-stretch\"><div class=\"guten-container guten-column-gap-no\">\n<div class=\"wp-block-gutenverse-column guten-element guten-column guten-UgR6QP animated guten-element-hide desktop-fadeInUp\"><div class=\"guten-column-wrapper\" data-id=\"UgR6QP\">\n<div class=\"wp-block-gutenverse-image guten-element guten-image guten-EzcVgZ\"><a class=\"guten-image-wrapper\" href=\"https:\/\/www.aurasailing.nl\/de\/cursussen2025\/kajuitzeiljacht-5-daagse-cursus-privee\/\"><img loading=\"lazy\" decoding=\"async\" class=\"gutenverse-image-box-filled\" src=\"https:\/\/www.aurasailing.nl\/wp-content\/uploads\/2024\/12\/IMG-20240917-WA0044-scaled.jpg\" height=\"1440\" width=\"2560\"\/><\/a><\/div>\n\n\n\n<h6 class=\"wp-block-gutenverse-heading guten-element guten-PPzxA0\"><strong><strong><strong>CWO 5-Tage Privatkurs Yachtsegeln<\/strong><\/strong><\/strong><br>Ab 1.935 \u20ac pro max. 4 Personen inkl. Privatlehrer<\/h6>\n\n\n\n<div class=\"guten-element gutenverse-text-editor guten-U2sp6l\"><div class=\"text-content-inner\">\n<p class=\"has-primary-color has-text-color has-link-color wp-elements-6c154665e5e7b0bc12dbb3c8936c712f\">Buchen Sie einen exklusiven 5-Tages-Kurs auf einer ger\u00e4umigen 34-38-Fu\u00df-Kabinen-Segeljacht zusammen mit Ihrem Partner, Ihrer Familie oder Freunden. Unter der Anleitung eines Privatlehrers lernen Sie, selbstst\u00e4ndig zu segeln, sicher zu man\u00f6vrieren und in einer entspannten Umgebung zusammenzuarbeiten. Die \u00dcbernachtung an Bord macht diesen Kurs zu einem echten Abenteuer. Je nach Wetter und Zeitplan erkunden Sie das IJsselmeer, die friesischen Seen und eventuell das Wattenmeer. Ihre Fortschritte werden sorgf\u00e4ltig digital im CWO-Portal festgehalten. Dieser Kurs bietet pers\u00f6nliche Betreuung, Raum f\u00fcr Fragen und eine einzigartige Gelegenheit, die eigenen F\u00e4higkeiten zu vertiefen. Perfekt f\u00fcr Gruppen, die Lernen und Vergn\u00fcgen miteinander verbinden m\u00f6chten.<\/p>\n<\/div><\/div>\n\n\n\n<div class=\"section-wrapper\" data-id=\"ULqcHL\"><section class=\"wp-block-gutenverse-section guten-element guten-section guten-ULqcHL layout-boxed align-stretch\"><div class=\"guten-container guten-column-gap-no\">\n<div class=\"wp-block-gutenverse-column guten-element guten-column guten-eySmxZ\"><div class=\"guten-column-wrapper\" data-id=\"eySmxZ\">\n<div class=\"guten-element guten-button-wrapper guten-l8t1pC\"><a class=\"guten-button guten-button-sm\" href=\"https:\/\/www.aurasailing.nl\/de\/cursussen2025\/kajuitzeiljacht-5-daagse-cursus-privee\/\"><span>mehr Info<\/span><\/a><\/div>\n<\/div><\/div>\n<\/div><\/section><\/div>\n<\/div><\/div>\n<\/div><\/section><\/div>\n<\/div><\/div>\n\n\n\n<div class=\"wp-block-gutenverse-column guten-element guten-column guten-MG1EKe\"><div class=\"guten-column-wrapper\" data-id=\"MG1EKe\">\n<div class=\"section-wrapper\" data-id=\"x2Tw9O\"><section class=\"wp-block-gutenverse-section guten-element guten-section guten-x2Tw9O layout-boxed align-stretch\"><div class=\"guten-container guten-column-gap-no\">\n<div class=\"wp-block-gutenverse-column guten-element guten-column guten-UgR6QP animated guten-element-hide desktop-fadeInUp\"><div class=\"guten-column-wrapper\" data-id=\"UgR6QP\">\n<div class=\"wp-block-gutenverse-image guten-element guten-image guten-EzcVgZ\"><a class=\"guten-image-wrapper\" href=\"https:\/\/www.aurasailing.nl\/de\/cursussen2025\/kajuitzeiljacht-7-daagse-cursus-privee\/\"><img loading=\"lazy\" decoding=\"async\" class=\"gutenverse-image-box-filled\" src=\"https:\/\/www.aurasailing.nl\/wp-content\/uploads\/2024\/12\/IMG-20240917-WA0141-scaled.jpg\" height=\"1920\" width=\"2560\"\/><\/a><\/div>\n\n\n\n<h6 class=\"wp-block-gutenverse-heading guten-element guten-PPzxA0\"><strong><strong><strong><strong>CWO 7-Tage Privatkurs Yachtsegeln<\/strong><\/strong><\/strong><\/strong><br>Ab 2.790 \u20ac pro max. 4 Personen inkl. Privatlehrer<\/h6>\n\n\n\n<div class=\"guten-element gutenverse-text-editor guten-U2sp6l\"><div class=\"text-content-inner\">\n<p class=\"has-primary-color has-text-color has-link-color wp-elements-4201be5a923c3439c851143822e3ce07\">Erkunden Sie das Wasser mit Stil bei einem exklusiven 7-Tage-Kurs auf einer 34-38-Fu\u00df-Kabinen-Segeljacht. Zusammen mit Ihrem Partner, Freunden oder Ihrer Familie werden Sie von einem CWO-zertifizierten Privatlehrer pers\u00f6nlich betreut. Die \u00dcbernachtung an Bord ist Teil dieses intensiven und einzigartigen Erlebnisses. Das Segelrevier umfasst das IJsselmeer, die friesischen Seen und, je nach Bedingungen, das Wattenmeer. W\u00e4hrend dieses Kurses haben Sie die M\u00f6glichkeit, tiefgreifende F\u00e4higkeiten wie selbst\u00e4ndiges Segeln, Zusammenarbeit und sicheres Man\u00f6vrieren zu entwickeln. Ihre Fortschritte werden im CWO-Portal digital festgehalten. Ideal f\u00fcr Gruppen, die Lernen und Vergn\u00fcgen in einem privaten Rahmen kombinieren m\u00f6chten.<\/p>\n<\/div><\/div>\n\n\n\n<div class=\"section-wrapper\" data-id=\"ULqcHL\"><section class=\"wp-block-gutenverse-section guten-element guten-section guten-ULqcHL layout-boxed align-stretch\"><div class=\"guten-container guten-column-gap-no\">\n<div class=\"wp-block-gutenverse-column guten-element guten-column guten-eySmxZ\"><div class=\"guten-column-wrapper\" data-id=\"eySmxZ\">\n<div class=\"guten-element guten-button-wrapper guten-l8t1pC\"><a class=\"guten-button guten-button-sm\" href=\"https:\/\/www.aurasailing.nl\/de\/cursussen2025\/kajuitzeiljacht-7-daagse-cursus-privee\/\"><span>mehr Info<\/span><\/a><\/div>\n<\/div><\/div>\n<\/div><\/section><\/div>\n<\/div><\/div>\n<\/div><\/section><\/div>\n<\/div><\/div>\n<\/div><\/section><\/div>","protected":false},"excerpt":{"rendered":"","protected":false},"author":1,"featured_media":0,"parent":0,"menu_order":0,"comment_status":"closed","ping_status":"closed","template":"template-basic","meta":{"footnotes":""},"class_list":["post-3784","page","type-page","status-publish","hentry"],"_links":{"self":[{"href":"https:\/\/www.aurasailing.nl\/de\/wp-json\/wp\/v2\/pages\/3784","targetHints":{"allow":["GET"]}}],"collection":[{"href":"https:\/\/www.aurasailing.nl\/de\/wp-json\/wp\/v2\/pages"}],"about":[{"href":"https:\/\/www.aurasailing.nl\/de\/wp-json\/wp\/v2\/types\/page"}],"author":[{"embeddable":true,"href":"https:\/\/www.aurasailing.nl\/de\/wp-json\/wp\/v2\/users\/1"}],"replies":[{"embeddable":true,"href":"https:\/\/www.aurasailing.nl\/de\/wp-json\/wp\/v2\/comments?post=3784"}],"version-history":[{"count":3,"href":"https:\/\/www.aurasailing.nl\/de\/wp-json\/wp\/v2\/pages\/3784\/revisions"}],"predecessor-version":[{"id":6846,"href":"https:\/\/www.aurasailing.nl\/de\/wp-json\/wp\/v2\/pages\/3784\/revisions\/6846"}],"wp:attachment":[{"href":"https:\/\/www.aurasailing.nl\/de\/wp-json\/wp\/v2\/media?parent=3784"}],"curies":[{"name":"wp","href":"https:\/\/api.w.org\/{rel}","templated":true}]}}