{"id":476,"date":"2022-11-19T19:07:15","date_gmt":"2022-11-19T18:07:15","guid":{"rendered":"https:\/\/www.aurasailing.nl.www373.your-server.de\/?page_id=476"},"modified":"2025-09-25T11:40:01","modified_gmt":"2025-09-25T09:40:01","slug":"overons","status":"publish","type":"page","link":"https:\/\/www.aurasailing.nl\/de\/overons\/","title":{"rendered":"\u00dcber uns"},"content":{"rendered":"<div class=\"section-wrapper\" data-id=\"mu4tFP\"><section class=\"wp-block-gutenverse-section guten-element guten-section guten-mu4tFP layout-boxed align-stretch\"><div class=\"guten-background-overlay\"><\/div><div class=\"guten-container guten-column-gap-default\">\n<div class=\"wp-block-gutenverse-column guten-element guten-column guten-dCCGby\"><div class=\"guten-column-wrapper\" data-id=\"dCCGby\">\n<h2 class=\"wp-block-gutenverse-heading guten-element guten-KMHgOA animated guten-element-hide desktop-fadeInUp\">AURA SAILING<br>\u00dcBER<\/h2>\n<\/div><\/div>\n<\/div><\/section><\/div>\n\n\n\n<div class=\"section-wrapper\" data-id=\"ZpUOCL\"><section class=\"wp-block-gutenverse-section guten-element guten-section guten-ZpUOCL layout-boxed align-stretch\"><div class=\"guten-container guten-column-gap-default\">\n<div class=\"wp-block-gutenverse-column guten-element guten-column guten-ub70oE\"><div class=\"guten-column-wrapper\" data-id=\"ub70oE\">\n<h2 class=\"wp-block-gutenverse-heading guten-element guten-adfs0e animated guten-element-hide desktop-fadeInRight\">\u00dcber uns<\/h2>\n\n\n\n<div class=\"guten-element gutenverse-text-editor guten-OBXPHu animated guten-element-hide desktop-fadeInRight\"><div class=\"text-content-inner\">\n<p style=\"margin-top:var(--wp--preset--spacing--20);margin-bottom:var(--wp--preset--spacing--20)\">Aura Sailing ist die CWO-zertifizierte Segelschule f\u00fcr Erwachsene mit Sitz in Langweer, Friesland. Unsere Begeisterung f\u00fcr das Segeln und das Erlernen des Segelns werden Sie in den Kursen sp\u00fcren. Wir m\u00f6chten Ihnen unsere Leidenschaft auf eine Weise vermitteln, die zu Ihnen und uns passt. Mit ma\u00dfgeschneiderten L\u00f6sungen, jeden Tag. Das macht unser Team schon seit 2008. Wir sind der CWO angeschlossen, der nationalen \"Quality Mark\"-Organisation f\u00fcr Segelschulen. Dieses G\u00fctesiegel garantiert ein einheitliches Unterrichtsprogramm und eine hochwertige Zertifizierungslinie.&nbsp;<br><\/p>\n\n\n\n<p style=\"margin-top:var(--wp--preset--spacing--20);margin-bottom:var(--wp--preset--spacing--20)\"><strong>Unser Standort an der K\u00fcste<\/strong> <strong>und Segelgebiet<\/strong><br>Die Heimatbasis unserer Segelschule befindet sich in Langweer. Direkt am Hafen von No\u00ebl Watersport haben wir unseren Standort an Land. Die Boote der Segelschule liegen direkt vor der T\u00fcr und Sie k\u00f6nnen sofort einsteigen. Duschen und Toiletten sind an unserem Standort vorhanden und Sie k\u00f6nnen eine w\u00e4rmende Tasse Kaffee in unserer sch\u00f6nen \"Sailor Lounge\" genie\u00dfen. Vom Yachthafen aus liegen wir direkt an den sch\u00f6nen Langweerder Wielen, zentral im Fries Merengebied und nicht weit vom bekannten Sneekermeer entfernt. Dies ist normalerweise das Segelrevier f\u00fcr unsere Tagest\u00f6rns. Bei Mehrtagest\u00f6rns nehmen wir Kurs auf das IJsselmeer mit seinen vielen M\u00f6glichkeiten. Abh\u00e4ngig vom Kurs und nat\u00fcrlich vom Wetter ist auch das Wattenmeer ein sehr beliebtes Ziel.<br><\/p>\n\n\n\n<p style=\"margin-top:var(--wp--preset--spacing--20);margin-bottom:var(--wp--preset--spacing--20)\"><strong>Mit welchen Schiffen fahren wir?<\/strong><br>Wir bieten ein- und mehrt\u00e4gige Kurse auf einer Kaj\u00fctsegeljacht oder einem offenen Kielboot an. Je nachdem, welches Ziel Sie verfolgen, w\u00e4hlen Sie einen der verschiedenen Kurse. F\u00fcr den Unterricht auf einer Segelyacht verwenden wir u.a. eine Beneteau Oceanis 321 und eine Elan Impression 344 mit einer L\u00e4nge von \u00fcber 10 Metern und 3 Schlafkabinen. Die offenen Kielboote sind vom Typ Valk. Unsere Boote sind komplett ausgestattet.<\/p>\n<\/div><\/div>\n<\/div><\/div>\n<\/div><\/section><\/div>\n\n\n\n<div class=\"section-wrapper\" data-id=\"AHx0LP\"><section class=\"wp-block-gutenverse-section guten-element guten-section guten-AHx0LP layout-boxed align-stretch\"><div class=\"guten-container guten-column-gap-default\">\n<div class=\"wp-block-gutenverse-column guten-element guten-column guten-qMV7O0\"><div class=\"guten-column-wrapper\" data-id=\"qMV7O0\">\n<h3 class=\"wp-block-gutenverse-heading guten-element guten-1ULWaH\">Team Aura Sailing<\/h3>\n\n\n\n<p style=\"margin-top:var(--wp--preset--spacing--20);margin-bottom:var(--wp--preset--spacing--20)\">Unsere Segellehrer bringen eine F\u00fclle von praktischen Erfahrungen mit, die sie meist auf ihren eigenen Segelschiffen gesammelt haben. Sie haben ausnahmslos eine Ausbildung zum zertifizierten Segellehrer absolviert. Mit der gleichen Leidenschaft, dem gleichen Enthusiasmus, der gleichen Freude und dem gleichen Wissen, mit dem sie selbst auf dem Wasser unterwegs sind, werden sie Sie beim Erlernen des Segelns auf einer Yacht oder eine Jolle begleiten.<\/p>\n\n\n\n<p style=\"margin-top:var(--wp--preset--spacing--20);margin-bottom:var(--wp--preset--spacing--20)\">Unsere zertifizierten Instruktoren sind Ihre Garantie f\u00fcr ein sicheres, inspirierendes und vor allem unvergessliches Segelerlebnis!<\/p>\n<\/div><\/div>\n<\/div><\/section><\/div>\n\n\n\n<div class=\"section-wrapper\" data-id=\"eL994k\"><section class=\"wp-block-gutenverse-section guten-element guten-section guten-eL994k layout-boxed align-stretch\"><div class=\"guten-container guten-column-gap-default\">\n<div class=\"wp-block-gutenverse-column guten-element guten-column guten-9edzAi\"><div class=\"guten-column-wrapper\" data-id=\"9edzAi\">\n<div class=\"guten-element guten-testimonials guten-MNO08q animated guten-element-hide desktop-fadeInUp style-4 quote-override\"><div class=\"testimonials-list\"><div id=\"guten-MNO08q\" class=\"swiper-container\" data-loop=\"false\" data-autoplay=\"false\" data-timeout=\"2400\" data-nav=\"false\" data-arrow=\"true\" data-breakpoints=\"{&quot;0&quot;:{&quot;spaceBetween&quot;:10,&quot;slidesPerView&quot;:1},&quot;768&quot;:{&quot;spaceBetween&quot;:10,&quot;slidesPerView&quot;:2},&quot;1024&quot;:{&quot;spaceBetween&quot;:7,&quot;slidesPerView&quot;:5}}\"><div class=\"swiper-wrapper\"><div class=\"swiper-slide\"><div class=\"guten-testimonial-item\"><div class=\"testimonial-box hover-from-left\"><div class=\"testimonial-content\"><div class=\"comment-bio\"><div class=\"bio-details\"><div class=\"profile-image\"><img fetchpriority=\"high\" decoding=\"async\" width=\"900\" height=\"497\" src=\"https:\/\/www.aurasailing.nl\/wp-content\/uploads\/2025\/01\/jeroensmall.jpg\" alt=\"Jeroen\" data-image-placeholder=\"false\"\/><\/div><ul class=\"rating-stars\"><\/ul><span class=\"profile-info\"><strong class=\"profile-name\">Jeroen<\/strong><p class=\"profile-des\">Inhaber\/ CWO-Ausbilder<\/p><\/span><\/div><\/div><div class=\"comment-content\"><p class=\"profile-comment\"><\/p><\/div><\/div><\/div><\/div><\/div><div class=\"swiper-slide\"><div class=\"guten-testimonial-item\"><div class=\"testimonial-box hover-from-left\"><div class=\"testimonial-content\"><div class=\"comment-bio\"><div class=\"bio-details\"><div class=\"profile-image\"><img decoding=\"async\" width=\"900\" height=\"497\" src=\"https:\/\/www.aurasailing.nl\/wp-content\/uploads\/2025\/01\/christoph.jpg\" alt=\"Christoph\" data-image-placeholder=\"false\"\/><\/div><ul class=\"rating-stars\"><\/ul><span class=\"profile-info\"><strong class=\"profile-name\">Christoph<\/strong><p class=\"profile-des\">VDS\/ DSV-Ausbilder (DE)<\/p><\/span><\/div><\/div><div class=\"comment-content\"><p class=\"profile-comment\"><\/p><\/div><\/div><\/div><\/div><\/div><div class=\"swiper-slide\"><div class=\"guten-testimonial-item\"><div class=\"testimonial-box hover-from-left\"><div class=\"testimonial-content\"><div class=\"comment-bio\"><div class=\"bio-details\"><div class=\"profile-image\"><img decoding=\"async\" width=\"900\" height=\"497\" src=\"https:\/\/www.aurasailing.nl\/wp-content\/uploads\/2023\/01\/IMG-20220907-WA0000-e1675270386499.jpg\" alt=\"Marcel\" data-image-placeholder=\"false\"\/><\/div><ul class=\"rating-stars\"><\/ul><span class=\"profile-info\"><strong class=\"profile-name\">Marcel<\/strong><p class=\"profile-des\">CWO-Segellehrer<\/p><\/span><\/div><\/div><div class=\"comment-content\"><p class=\"profile-comment\"><\/p><\/div><\/div><\/div><\/div><\/div><div class=\"swiper-slide\"><div class=\"guten-testimonial-item\"><div class=\"testimonial-box hover-from-left\"><div class=\"testimonial-content\"><div class=\"comment-bio\"><div class=\"bio-details\"><div class=\"profile-image\"><img loading=\"lazy\" decoding=\"async\" width=\"900\" height=\"497\" src=\"https:\/\/www.aurasailing.nl\/wp-content\/uploads\/2022\/11\/jan.jpeg\" alt=\"Jan\" data-image-placeholder=\"false\"\/><\/div><ul class=\"rating-stars\"><\/ul><span class=\"profile-info\"><strong class=\"profile-name\">Jan<\/strong><p class=\"profile-des\">CWO-Ausbilder<\/p><\/span><\/div><\/div><div class=\"comment-content\"><p class=\"profile-comment\"><\/p><\/div><\/div><\/div><\/div><\/div><div class=\"swiper-slide\"><div class=\"guten-testimonial-item\"><div class=\"testimonial-box hover-from-left\"><div class=\"testimonial-content\"><div class=\"comment-bio\"><div class=\"bio-details\"><div class=\"profile-image\"><img loading=\"lazy\" decoding=\"async\" width=\"900\" height=\"497\" src=\"https:\/\/www.aurasailing.nl\/wp-content\/uploads\/2023\/02\/WhatsApp-Image-2023-02-01-at-17.18.15-e1675269211557.jpeg\" alt=\"Rob \" data-image-placeholder=\"false\"\/><\/div><ul class=\"rating-stars\"><\/ul><span class=\"profile-info\"><strong class=\"profile-name\">Rob <\/strong><p class=\"profile-des\">CWO-Segellehrer<\/p><\/span><\/div><\/div><div class=\"comment-content\"><p class=\"profile-comment\"><\/p><\/div><\/div><\/div><\/div><\/div><div class=\"swiper-slide\"><div class=\"guten-testimonial-item\"><div class=\"testimonial-box hover-from-left\"><div class=\"testimonial-content\"><div class=\"comment-bio\"><div class=\"bio-details\"><div class=\"profile-image\"><img loading=\"lazy\" decoding=\"async\" width=\"900\" height=\"497\" src=\"https:\/\/www.aurasailing.nl\/wp-content\/uploads\/2023\/04\/johan.jpg\" alt=\"Johan\" data-image-placeholder=\"false\"\/><\/div><ul class=\"rating-stars\"><\/ul><span class=\"profile-info\"><strong class=\"profile-name\">Johan<\/strong><p class=\"profile-des\">CWO-Segellehrer<\/p><\/span><\/div><\/div><div class=\"comment-content\"><p class=\"profile-comment\"><\/p><\/div><\/div><\/div><\/div><\/div><div class=\"swiper-slide\"><div class=\"guten-testimonial-item\"><div class=\"testimonial-box hover-from-left\"><div class=\"testimonial-content\"><div class=\"comment-bio\"><div class=\"bio-details\"><div class=\"profile-image\"><img loading=\"lazy\" decoding=\"async\" width=\"900\" height=\"497\" src=\"https:\/\/www.aurasailing.nl\/wp-content\/uploads\/2025\/09\/WhatsApp-Image-2025-09-25-at-11.18.25.png\" alt=\"Michiel\" data-image-placeholder=\"false\"\/><\/div><ul class=\"rating-stars\"><\/ul><span class=\"profile-info\"><strong class=\"profile-name\">Michiel<\/strong><p class=\"profile-des\">CWO-Segellehrer<\/p><\/span><\/div><\/div><div class=\"comment-content\"><p class=\"profile-comment\"><\/p><\/div><\/div><\/div><\/div><\/div><div class=\"swiper-slide\"><div class=\"guten-testimonial-item\"><div class=\"testimonial-box hover-from-left\"><div class=\"testimonial-content\"><div class=\"comment-bio\"><div class=\"bio-details\"><div class=\"profile-image\"><img loading=\"lazy\" decoding=\"async\" width=\"900\" height=\"497\" src=\"https:\/\/www.aurasailing.nl\/wp-content\/uploads\/2025\/09\/WhatsApp-Image-2025-09-25-at-11.18.24.png\" alt=\"Matthijs\" data-image-placeholder=\"false\"\/><\/div><ul class=\"rating-stars\"><\/ul><span class=\"profile-info\"><strong class=\"profile-name\">Matthijs<\/strong><p class=\"profile-des\">CWO-Segellehrer<\/p><\/span><\/div><\/div><div class=\"comment-content\"><p class=\"profile-comment\"><\/p><\/div><\/div><\/div><\/div><\/div><div class=\"swiper-slide\"><div class=\"guten-testimonial-item\"><div class=\"testimonial-box hover-from-left\"><div class=\"testimonial-content\"><div class=\"comment-bio\"><div class=\"bio-details\"><div class=\"profile-image\"><img loading=\"lazy\" decoding=\"async\" width=\"900\" height=\"497\" src=\"https:\/\/www.aurasailing.nl\/wp-content\/uploads\/2023\/02\/jeroengerards_profil.jpg\" alt=\"Jeroen\" data-image-placeholder=\"false\"\/><\/div><ul class=\"rating-stars\"><\/ul><span class=\"profile-info\"><strong class=\"profile-name\">Jeroen<\/strong><p class=\"profile-des\">CWO-Segellehrer<\/p><\/span><\/div><\/div><div class=\"comment-content\"><p class=\"profile-comment\"><\/p><\/div><\/div><\/div><\/div><\/div><div class=\"swiper-slide\"><div class=\"guten-testimonial-item\"><div class=\"testimonial-box hover-from-left\"><div class=\"testimonial-content\"><div class=\"comment-bio\"><div class=\"bio-details\"><div class=\"profile-image\"><img loading=\"lazy\" decoding=\"async\" width=\"900\" height=\"497\" src=\"https:\/\/www.aurasailing.nl\/wp-content\/uploads\/2023\/02\/roel.jpg\" alt=\"Roel\" data-image-placeholder=\"false\"\/><\/div><ul class=\"rating-stars\"><\/ul><span class=\"profile-info\"><strong class=\"profile-name\">Roel<\/strong><p class=\"profile-des\">CWO-Segellehrer<\/p><\/span><\/div><\/div><div class=\"comment-content\"><p class=\"profile-comment\"><\/p><\/div><\/div><\/div><\/div><\/div><div class=\"swiper-slide\"><div class=\"guten-testimonial-item\"><div class=\"testimonial-box hover-from-left\"><div class=\"testimonial-content\"><div class=\"comment-bio\"><div class=\"bio-details\"><div class=\"profile-image\"><img loading=\"lazy\" decoding=\"async\" width=\"900\" height=\"497\" src=\"https:\/\/www.aurasailing.nl\/wp-content\/uploads\/2025\/06\/1723227741851-2.jpeg\" alt=\"Famke\" data-image-placeholder=\"false\"\/><\/div><ul class=\"rating-stars\"><\/ul><span class=\"profile-info\"><strong class=\"profile-name\">Famke<\/strong><p class=\"profile-des\">CWO-Segellehrerin<\/p><\/span><\/div><\/div><div class=\"comment-content\"><p class=\"profile-comment\"><\/p><\/div><\/div><\/div><\/div><\/div><\/div><div class=\"swiper-button-prev\"><\/div><div class=\"swiper-button-next\"><\/div><\/div><\/div><\/div>\n<\/div><\/div>\n<\/div><\/section><\/div>\n\n\n\n<div style=\"height:100px\" aria-hidden=\"true\" class=\"wp-block-spacer\"><\/div>\n\n\n\n<p><\/p>","protected":false},"excerpt":{"rendered":"","protected":false},"author":1,"featured_media":0,"parent":0,"menu_order":0,"comment_status":"closed","ping_status":"closed","template":"template-basic","meta":{"footnotes":""},"class_list":["post-476","page","type-page","status-publish","hentry"],"_links":{"self":[{"href":"https:\/\/www.aurasailing.nl\/de\/wp-json\/wp\/v2\/pages\/476","targetHints":{"allow":["GET"]}}],"collection":[{"href":"https:\/\/www.aurasailing.nl\/de\/wp-json\/wp\/v2\/pages"}],"about":[{"href":"https:\/\/www.aurasailing.nl\/de\/wp-json\/wp\/v2\/types\/page"}],"author":[{"embeddable":true,"href":"https:\/\/www.aurasailing.nl\/de\/wp-json\/wp\/v2\/users\/1"}],"replies":[{"embeddable":true,"href":"https:\/\/www.aurasailing.nl\/de\/wp-json\/wp\/v2\/comments?post=476"}],"version-history":[{"count":2,"href":"https:\/\/www.aurasailing.nl\/de\/wp-json\/wp\/v2\/pages\/476\/revisions"}],"predecessor-version":[{"id":10098,"href":"https:\/\/www.aurasailing.nl\/de\/wp-json\/wp\/v2\/pages\/476\/revisions\/10098"}],"wp:attachment":[{"href":"https:\/\/www.aurasailing.nl\/de\/wp-json\/wp\/v2\/media?parent=476"}],"curies":[{"name":"wp","href":"https:\/\/api.w.org\/{rel}","templated":true}]}}