{"id":6945,"date":"2025-01-17T00:30:23","date_gmt":"2025-01-16T23:30:23","guid":{"rendered":"https:\/\/www.aurasailing.nl\/cursussen2025-2\/"},"modified":"2025-01-18T16:33:29","modified_gmt":"2025-01-18T15:33:29","slug":"vds-segelkurse","status":"publish","type":"page","link":"https:\/\/www.aurasailing.nl\/de\/vds-segelkurse\/","title":{"rendered":"VDS-Kurse (DE)"},"content":{"rendered":"<div class=\"section-wrapper\" data-id=\"DXYTvG\"><section class=\"wp-block-gutenverse-section guten-element guten-section guten-DXYTvG layout-boxed align-middle\"><div class=\"guten-background-overlay\"><\/div><div class=\"guten-container guten-column-gap-default\">\n<div class=\"wp-block-gutenverse-column guten-element guten-column guten-UyWHwF\"><div class=\"guten-column-wrapper\" data-id=\"UyWHwF\">\n<h1 class=\"wp-block-gutenverse-heading guten-element guten-oSnOnu animated guten-element-hide desktop-fadeInUp\">VDS-SEGELKURSE 2025<br>Yacht &amp; Jolle<\/h1>\n<\/div><\/div>\n<\/div><\/section><\/div>\n\n\n\n<div class=\"section-wrapper\" data-id=\"B5CBL9\"><section class=\"wp-block-gutenverse-section guten-element guten-section guten-B5CBL9 layout-boxed align-stretch\"><div class=\"guten-container guten-column-gap-no\">\n<div class=\"wp-block-gutenverse-column guten-element guten-column guten-YzGHOP\"><div class=\"guten-column-wrapper\" data-id=\"YzGHOP\">\n<h2 class=\"wp-block-gutenverse-heading guten-element guten-nUWUZP animated guten-element-hide desktop-fadeInLeft\">VDS Segelkurse Saison 2025 (deutschsprachig)<\/h2>\n\n\n\n<div class=\"guten-element gutenverse-text-editor guten-UTcPyQ animated guten-element-hide desktop-fadeInLeft\"><div class=\"text-content-inner\">\n<p class=\"has-primary-color has-text-color has-link-color wp-elements-a452a8dfecea332f432dc81c06b32863\" style=\"margin-top:var(--wp--preset--spacing--20);margin-right:0;margin-bottom:var(--wp--preset--spacing--20);margin-left:0\">Aura Sailing bietet VDS-Kurse (Verband Deutscher Sportbootschulen) f\u00fcr den Segelschein Yacht und Segelgrundschein Jolle an.  Der \"Segelschein Yacht\" ist ein intensiver 5-t\u00e4giger Segelkurs f\u00fcr Anf\u00e4nger und Fortgeschrittene, die alle Aspekte des Segelns und Fahrens auf einer Kaj\u00fctyacht erlernen m\u00f6chten.  Der 3-t\u00e4gige Segelgrundscheinkurs ist speziell f\u00fcr Segelanf\u00e4nger gedacht, die die Grundlagen des Segelns auf einem offenen Kielboot erlernen m\u00f6chten. Der modulare Aufbau der Ausbildung erm\u00f6glicht es, die erworbenen Grundkenntnisse gezielt zu erweitern - zum Beispiel mit Zusatzmodulen wie Navigation, Str\u00f6mungs- und Gezeitenkunde sowie Segeln mit Spinnaker und Gennaker. Die VDS-Kurse werden in deutscher Sprache unterrichtet.<br><br>Sie k\u00f6nnen die Kurse \"individuell\" buchen und mit anderen Erwachsenen nach unserem Wahl teilnehmen. Oder Sie w\u00e4hlen einen \"Privatkurs\" und buchen f\u00fcr sich und Ihren Partner, Ihre Familie, Ihren Freundeskreis oder Ihre Kollegen. Bei einem Privatkurs sind au\u00dfer Ihrer Gruppe keine weiteren Teilnehmer an Bord. Sie mieten also das Schiff bzw. Jolle und einem qualifizierten Privatlehrer zu einem Festpreis und segeln mit den von Ihnen angemeldeten Personen.<br><br>Gut zu wissen...alle unsere Kurse k\u00f6nnen auch als Geschenkgutschein gebucht werden. Wenn Sie diese Option w\u00e4hlen, wird gemeinsam mit dem Gutscheinempf\u00e4nger ein passender Zeitraum gefunden. Das Datum des Kurses spielt dabei keine Rolle, Sie k\u00f6nnen aber zwischen Hoch- und Nebensaison w\u00e4hlen. Bitte geben Sie bei der Buchung an, ob es sich um einen personalisierten Geschenkgutschein handeln soll. Wir senden ihn dann als PDF per E-Mail zu.<\/p>\n<\/div><\/div>\n<\/div><\/div>\n<\/div><\/section><\/div>\n\n\n\n<div class=\"section-wrapper\" data-id=\"nVmw1N\"><section class=\"wp-block-gutenverse-section guten-element guten-section guten-nVmw1N layout-boxed align-stretch\"><div class=\"guten-container guten-column-gap-no\">\n<div class=\"wp-block-gutenverse-column guten-element guten-column guten-MG1EKe\"><div class=\"guten-column-wrapper\" data-id=\"MG1EKe\">\n<div class=\"section-wrapper\" data-id=\"x2Tw9O\"><section class=\"wp-block-gutenverse-section guten-element guten-section guten-x2Tw9O layout-boxed align-stretch\"><div class=\"guten-container guten-column-gap-no\">\n<div class=\"wp-block-gutenverse-column guten-element guten-column guten-UgR6QP animated guten-element-hide desktop-fadeInUp\"><div class=\"guten-column-wrapper\" data-id=\"UgR6QP\">\n<div class=\"wp-block-gutenverse-image guten-element guten-image guten-EzcVgZ\"><a class=\"guten-image-wrapper\" href=\"https:\/\/www.aurasailing.nl\/de\/cursussen2025\/vds_5_tage_yachtsegelkurs_privat\/\"><img fetchpriority=\"high\" decoding=\"async\" class=\"gutenverse-image-box-filled\" src=\"https:\/\/www.aurasailing.nl\/wp-content\/uploads\/2024\/12\/IMG-20240917-WA0044-scaled.jpg\" height=\"1440\" width=\"2560\"\/><\/a><\/div>\n\n\n\n<h6 class=\"wp-block-gutenverse-heading guten-element guten-PPzxA0\"><strong><strong><strong><strong>VDS 5-Tage Privatkurs <\/strong><\/strong><\/strong><\/strong>\u201c<strong><strong><strong><strong>Segelschein Yacht<\/strong><\/strong><\/strong><\/strong>\" (DE)<br>Ab 1.935 \u20ac pro Schiff\/ max. 4 Personen<\/h6>\n\n\n\n<div class=\"guten-element gutenverse-text-editor guten-U2sp6l\"><div class=\"text-content-inner\">\n<p class=\"has-primary-color has-text-color has-link-color wp-elements-dc4fc6a7452b2248e1c902c24cd75036\">Nehmen Sie gemeinsam mit Ihrem Partner, Ihrer Familie oder Freunden an diesem 5-t\u00e4gigen Intensiv-Privatkurs nach dem Leitfaden des VDS (Verband Deutscher Sportbootschulen) auf einer komfortablen 34-38-Fu\u00df-Kaj\u00fctyacht teil. F\u00fcr alle, die schnell und direkt in die Praxis des Yachtsegelns einsteigen wollen: Der VDS-Yachtschein erm\u00f6glicht es, eine Yacht sicher und entspannt zu segeln - ohne die umfangreiche theoretische Ausbildung des SKS (Sportk\u00fcstenschifferschein) absolvieren zu m\u00fcssen. Mit der praktischen Ausbildung, kombiniert mit dem offiziellen SBF SEE-Segelschein, k\u00f6nnen Sie fast \u00fcberall eine Segelyacht mieten, auch im Ausland. Unter der Anleitung eines Privatlehrers lernen Sie, selbstst\u00e4ndig zu segeln, sicher zu man\u00f6vrieren und in entspannter Atmosph\u00e4re zusammenzuarbeiten. Der Kurs wird in deutscher Sprache unterrichtet.<\/p>\n<\/div><\/div>\n\n\n\n<div class=\"section-wrapper\" data-id=\"ULqcHL\"><section class=\"wp-block-gutenverse-section guten-element guten-section guten-ULqcHL layout-boxed align-stretch\"><div class=\"guten-container guten-column-gap-no\">\n<div class=\"wp-block-gutenverse-column guten-element guten-column guten-eySmxZ\"><div class=\"guten-column-wrapper\" data-id=\"eySmxZ\">\n<div class=\"guten-element guten-button-wrapper guten-l8t1pC\"><a class=\"guten-button guten-button-sm\" href=\"https:\/\/www.aurasailing.nl\/de\/cursussen2025\/vds_5_tage_yachtsegelkurs_privat\/\"><span>mehr Info<\/span><\/a><\/div>\n<\/div><\/div>\n<\/div><\/section><\/div>\n<\/div><\/div>\n<\/div><\/section><\/div>\n<\/div><\/div>\n\n\n\n<div class=\"wp-block-gutenverse-column guten-element guten-column guten-YoOHA8\"><div class=\"guten-column-wrapper\" data-id=\"YoOHA8\">\n<div class=\"section-wrapper\" data-id=\"x2Tw9O\"><section class=\"wp-block-gutenverse-section guten-element guten-section guten-x2Tw9O layout-boxed align-stretch\"><div class=\"guten-container guten-column-gap-no\">\n<div class=\"wp-block-gutenverse-column guten-element guten-column guten-UgR6QP animated guten-element-hide desktop-fadeInUp\"><div class=\"guten-column-wrapper\" data-id=\"UgR6QP\">\n<div class=\"wp-block-gutenverse-image guten-element guten-image guten-EzcVgZ\"><a class=\"guten-image-wrapper\" href=\"https:\/\/www.aurasailing.nl\/de\/cursussen2025\/vds_5_tage_yachtsegelkurs_individuell\/\"><img decoding=\"async\" class=\"gutenverse-image-box-filled\" src=\"https:\/\/www.aurasailing.nl\/wp-content\/uploads\/2024\/12\/IMG-20240917-WA0117.jpg\" height=\"747\" width=\"1600\"\/><\/a><\/div>\n\n\n\n<h6 class=\"wp-block-gutenverse-heading guten-element guten-PPzxA0\"><strong><strong><strong><strong>VDS 5-Tage-Kurs <\/strong><\/strong><\/strong><\/strong>\u201c<strong><strong><strong><strong>Segelschein Yacht<\/strong><\/strong><\/strong><\/strong>\u201d <strong><strong><strong><strong>individuell<\/strong><\/strong><\/strong><\/strong> (DE)<br>Ab 740 \u20ac pro Person <\/h6>\n\n\n\n<div class=\"guten-element gutenverse-text-editor guten-U2sp6l\"><div class=\"text-content-inner\">\n<p class=\"has-primary-color has-text-color has-link-color wp-elements-71f7b693c5a45627be57a3c3452b4315\">Nehmen Sie an diesem 5-t\u00e4gigen Intensivkurs nach dem Leitfaden des VDS (Verband Deutscher Sportbootschulen) auf einer komfortablen 34-38-Fu\u00df-Kaj\u00fctyacht teil, zusammen mit maximal zwei weiteren Kursteilnehmern. F\u00fcr alle, die schnell und direkt in die Praxis des Yachtsegelns eintauchen wollen: Der \"Segelschein Yacht\" des VDS erm\u00f6glicht es, eine Yacht sicher und entspannt zu segeln - ohne die umfangreiche theoretische Ausbildung des SKS (Sportk\u00fcstenschifferschein) absolvieren zu m\u00fcssen. Mit dieser praktischen Ausbildung und in Kombination mit dem amtlichen deutschen Segelschein SBF SEE k\u00f6nnen Sie fast \u00fcberall eine Segelyacht mieten, auch im Ausland. Der Kurs wird in deutscher Sprache unterrichtet.<\/p>\n<\/div><\/div>\n\n\n\n<div class=\"section-wrapper\" data-id=\"ULqcHL\"><section class=\"wp-block-gutenverse-section guten-element guten-section guten-ULqcHL layout-boxed align-stretch\"><div class=\"guten-container guten-column-gap-no\">\n<div class=\"wp-block-gutenverse-column guten-element guten-column guten-eySmxZ\"><div class=\"guten-column-wrapper\" data-id=\"eySmxZ\">\n<div class=\"guten-element guten-button-wrapper guten-l8t1pC\"><a class=\"guten-button guten-button-sm\" href=\"https:\/\/www.aurasailing.nl\/de\/cursussen2025\/vds_5_tage_yachtsegelkurs_individuell\/\"><span>mehr Info<\/span><\/a><\/div>\n<\/div><\/div>\n<\/div><\/section><\/div>\n<\/div><\/div>\n<\/div><\/section><\/div>\n<\/div><\/div>\n<\/div><\/section><\/div>\n\n\n\n<div class=\"section-wrapper\" data-id=\"lihzof\"><section class=\"wp-block-gutenverse-section guten-element guten-section guten-lihzof layout-boxed align-stretch\"><div class=\"guten-container guten-column-gap-no\">\n<div class=\"wp-block-gutenverse-column guten-element guten-column guten-Mqnten\"><div class=\"guten-column-wrapper\" data-id=\"Mqnten\">\n<div class=\"section-wrapper\" data-id=\"x2Tw9O\"><section class=\"wp-block-gutenverse-section guten-element guten-section guten-x2Tw9O layout-boxed align-stretch\"><div class=\"guten-container guten-column-gap-no\">\n<div class=\"wp-block-gutenverse-column guten-element guten-column guten-UgR6QP animated guten-element-hide desktop-fadeInUp\"><div class=\"guten-column-wrapper\" data-id=\"UgR6QP\">\n<div class=\"wp-block-gutenverse-image guten-element guten-image guten-EzcVgZ\"><a class=\"guten-image-wrapper\" href=\"https:\/\/www.aurasailing.nl\/de\/cursussen2025\/vds-segelgrundschein-jolle-privat\/\"><img decoding=\"async\" class=\"gutenverse-image-box-filled\" src=\"https:\/\/www.aurasailing.nl\/wp-content\/uploads\/2024\/12\/jeroen_cursus_12_08_23_0357-scaled.jpg\" height=\"1920\" width=\"2560\"\/><\/a><\/div>\n\n\n\n<h6 class=\"wp-block-gutenverse-heading guten-element guten-PPzxA0\">VDS Segelgrundschein Jolle Privatkurs (3 Tage)<br>840 \u20ac pro Boot\/ max. 4 Personen<\/h6>\n\n\n\n<div class=\"guten-element gutenverse-text-editor guten-U2sp6l\"><div class=\"text-content-inner\">\n<p class=\"has-primary-color has-text-color has-link-color wp-elements-2b6133dfbebbe16315796adbd62dd312\">Im 3-t\u00e4gigen VDS-Segelkurs \"Segelgrundschein Jolle\" erlernen Sie in der Gruppe, zusammen mit Ihrem Partner, Freunden, Kollegen oder der Familie, unter Anleitung eines erfahrenen Privatlehrers die Grundfertigkeiten f\u00fcr das Segeln eines offenen Segelbootes (Jolle). Der Kurs ist so konzipiert, dass Sie sich auf praktische Weise die Grundkenntnisse aneignen, um eine Jolle bei einfachen Wetterbedingungen (Leichtwind) selbst\u00e4ndig zu segeln. Nach einer abschlie\u00dfenden theoretischen und praktischen Pr\u00fcfung erhalten Sie das Zertifikat \"Segelgrundschein Jolle\". Mit diesem Schein k\u00f6nnen Sie grunds\u00e4tzlich auf allen Gew\u00e4ssern in Deutschland eine Jolle mieten (bekannte Ausnahmen: Berliner Gew\u00e4sser und Bodensee). Genie\u00dfen Sie 3 Tage Segelspa\u00df auf einem offenen Kielboot und lernen Sie die Grundlagen des Segelns. Der Kurs bietet Platz f\u00fcr bis zu vier Personen und ist auch f\u00fcr Familien mit Kindern geeignet (nach Absprache). W\u00e4hrend der entspannten und informativen Tage erhalten Sie eine praktische Einweisung und entdecken die Freude am Segeln in der sch\u00f6nen friesischen Seenlandschaft.<\/p>\n<\/div><\/div>\n\n\n\n<div class=\"section-wrapper\" data-id=\"ULqcHL\"><section class=\"wp-block-gutenverse-section guten-element guten-section guten-ULqcHL layout-boxed align-stretch\"><div class=\"guten-container guten-column-gap-no\">\n<div class=\"wp-block-gutenverse-column guten-element guten-column guten-eySmxZ\"><div class=\"guten-column-wrapper\" data-id=\"eySmxZ\">\n<div class=\"guten-element guten-button-wrapper guten-l8t1pC\"><a class=\"guten-button guten-button-sm\" href=\"https:\/\/www.aurasailing.nl\/de\/cursussen2025\/vds-segelgrundschein-jolle-privat\/\"><span>mehr Info<\/span><\/a><\/div>\n<\/div><\/div>\n<\/div><\/section><\/div>\n<\/div><\/div>\n<\/div><\/section><\/div>\n<\/div><\/div>\n\n\n\n<div class=\"wp-block-gutenverse-column guten-element guten-column guten-EcKTuH\"><div class=\"guten-column-wrapper\" data-id=\"EcKTuH\">\n<div class=\"section-wrapper\" data-id=\"x2Tw9O\"><section class=\"wp-block-gutenverse-section guten-element guten-section guten-x2Tw9O layout-boxed align-stretch\"><div class=\"guten-container guten-column-gap-no\">\n<div class=\"wp-block-gutenverse-column guten-element guten-column guten-UgR6QP animated guten-element-hide desktop-fadeInUp\"><div class=\"guten-column-wrapper\" data-id=\"UgR6QP\">\n<div class=\"wp-block-gutenverse-image guten-element guten-image guten-EzcVgZ\"><a class=\"guten-image-wrapper\" href=\"https:\/\/www.aurasailing.nl\/de\/cursussen2025\/vds-segelgrundschein-jolle-individuell\/\"><img loading=\"lazy\" decoding=\"async\" class=\"gutenverse-image-box-filled\" src=\"https:\/\/www.aurasailing.nl\/wp-content\/uploads\/2022\/12\/Valk4_3.jpg\" height=\"1200\" width=\"1600\"\/><\/a><\/div>\n\n\n\n<h6 class=\"wp-block-gutenverse-heading guten-element guten-PPzxA0\">VDS Segelgrundschein Jolle individuell (3 Tage)<br>\u20ac330 pro Person<\/h6>\n\n\n\n<div class=\"guten-element gutenverse-text-editor guten-U2sp6l\"><div class=\"text-content-inner\">\n<p class=\"has-primary-color has-text-color has-link-color wp-elements-772c566cf203712941a16dc710dc4757\">Schlie\u00dfen Sie sich einer Gruppe von bis zu drei Teilnehmern an und absolvieren Sie den dreit\u00e4gigen Kurs auf einem Kielboot (Valk). In diesem Segelkurs f\u00fcr den Segel-Grundschein erlernen Sie die grundlegenden F\u00e4higkeiten zum Segeln eines offenen Segelbootes (Jolle). Der Kurs ist so konzipiert, dass Sie auf praktische Weise die notwendigen Kenntnisse erwerben, um eine Jolle bei einfachen Wetterbedingungen (Leichtwind) selbst\u00e4ndig zu segeln. Nach einer abschlie\u00dfenden theoretischen und praktischen Pr\u00fcfung erhalten Sie Ihr Basic Sailing Certificate. Mit diesem Schein k\u00f6nnen Sie prinzipiell auf allen Gew\u00e4ssern eine Jolle mieten (bekannte Ausnahmen: Berliner Gew\u00e4sser und Bodensee).<\/p>\n\n\n\n<p class=\"has-primary-color has-text-color has-link-color wp-elements-749dd8783ecb15de0db497e8b5fefd53\">Dieser Kurs ist ideal f\u00fcr Anf\u00e4nger, die Schritt f\u00fcr Schritt lernen wollen, aber auch f\u00fcr Fortgeschrittene geeignet, die ihre F\u00e4higkeiten verbessern wollen. Die friesische Seenlandschaft bildet die Kulisse f\u00fcr diesen Kurs. Mindestalter: 12 Jahre.<\/p>\n<\/div><\/div>\n\n\n\n<div class=\"section-wrapper\" data-id=\"ULqcHL\"><section class=\"wp-block-gutenverse-section guten-element guten-section guten-ULqcHL layout-boxed align-stretch\"><div class=\"guten-container guten-column-gap-no\">\n<div class=\"wp-block-gutenverse-column guten-element guten-column guten-eySmxZ\"><div class=\"guten-column-wrapper\" data-id=\"eySmxZ\">\n<div class=\"guten-element guten-button-wrapper guten-l8t1pC\"><a class=\"guten-button guten-button-sm\" href=\"https:\/\/www.aurasailing.nl\/de\/cursussen2025\/vds-segelgrundschein-jolle-individuell\/\"><span>mehr Info<\/span><\/a><\/div>\n<\/div><\/div>\n<\/div><\/section><\/div>\n<\/div><\/div>\n<\/div><\/section><\/div>\n<\/div><\/div>\n<\/div><\/section><\/div>","protected":false},"excerpt":{"rendered":"","protected":false},"author":1,"featured_media":0,"parent":0,"menu_order":0,"comment_status":"closed","ping_status":"closed","template":"template-basic","meta":{"footnotes":""},"class_list":["post-6945","page","type-page","status-publish","hentry"],"_links":{"self":[{"href":"https:\/\/www.aurasailing.nl\/de\/wp-json\/wp\/v2\/pages\/6945","targetHints":{"allow":["GET"]}}],"collection":[{"href":"https:\/\/www.aurasailing.nl\/de\/wp-json\/wp\/v2\/pages"}],"about":[{"href":"https:\/\/www.aurasailing.nl\/de\/wp-json\/wp\/v2\/types\/page"}],"author":[{"embeddable":true,"href":"https:\/\/www.aurasailing.nl\/de\/wp-json\/wp\/v2\/users\/1"}],"replies":[{"embeddable":true,"href":"https:\/\/www.aurasailing.nl\/de\/wp-json\/wp\/v2\/comments?post=6945"}],"version-history":[{"count":13,"href":"https:\/\/www.aurasailing.nl\/de\/wp-json\/wp\/v2\/pages\/6945\/revisions"}],"predecessor-version":[{"id":7105,"href":"https:\/\/www.aurasailing.nl\/de\/wp-json\/wp\/v2\/pages\/6945\/revisions\/7105"}],"wp:attachment":[{"href":"https:\/\/www.aurasailing.nl\/de\/wp-json\/wp\/v2\/media?parent=6945"}],"curies":[{"name":"wp","href":"https:\/\/api.w.org\/{rel}","templated":true}]}}