{"id":7006,"date":"2025-01-17T10:57:07","date_gmt":"2025-01-17T09:57:07","guid":{"rendered":"https:\/\/www.aurasailing.nl\/cursussen2025\/meerdaagse-cursussen-2025-2\/"},"modified":"2025-01-18T11:00:48","modified_gmt":"2025-01-18T10:00:48","slug":"vds-kurse-yachtsegeln","status":"publish","type":"page","link":"https:\/\/www.aurasailing.nl\/de\/cursussen\/vds-kurse-yachtsegeln\/","title":{"rendered":"VDS Yachtsegeln"},"content":{"rendered":"<div class=\"section-wrapper\" data-id=\"DXYTvG\"><section class=\"wp-block-gutenverse-section guten-element guten-section guten-DXYTvG layout-boxed align-middle\"><div class=\"guten-background-overlay\"><\/div><div class=\"guten-container guten-column-gap-default\">\n<div class=\"wp-block-gutenverse-column guten-element guten-column guten-UyWHwF\"><div class=\"guten-column-wrapper\" data-id=\"UyWHwF\">\n<h1 class=\"wp-block-gutenverse-heading guten-element guten-oSnOnu animated guten-element-hide desktop-fadeInUp\">VDS-Kurse <br>YACHTSEGELN<\/h1>\n<\/div><\/div>\n<\/div><\/section><\/div>\n\n\n\n<div class=\"section-wrapper\" data-id=\"B5CBL9\"><section class=\"wp-block-gutenverse-section guten-element guten-section guten-B5CBL9 layout-boxed align-stretch\"><div class=\"guten-container guten-column-gap-no\">\n<div class=\"wp-block-gutenverse-column guten-element guten-column guten-YzGHOP\"><div class=\"guten-column-wrapper\" data-id=\"YzGHOP\">\n<h2 class=\"wp-block-gutenverse-heading guten-element guten-nUWUZP animated guten-element-hide desktop-fadeInLeft\">Unsere VDS-Kurse Yachtsegeln<\/h2>\n\n\n\n<div class=\"guten-element gutenverse-text-editor guten-UTcPyQ animated guten-element-hide desktop-fadeInLeft\"><div class=\"text-content-inner\">\n<p class=\"has-link-color wp-elements-c4194fc430243b3908afe00430c79eca\">Nachfolgend finden Sie eine \u00dcbersicht \u00fcber alle VDS-Kurse \"Yachtsegeln\", die wir anbieten. Aura Sailing bietet die VDS-Kurse sowohl f\u00fcr Anf\u00e4nger als auch f\u00fcr Fortgeschrittene an. Sie k\u00f6nnen einen Kurs \"individuell\" buchen, indem Sie zusammen mit anderen Erwachsenen nach unserem Format teilnehmen. Oder Sie w\u00e4hlen einen \"Privatkurs\" und buchen f\u00fcr sich, Ihren Partner, Ihre Familie, Freunde oder Kollegen. Bei einem Privatkurs sind keine anderen Sch\u00fcler an Bord. Sie mieten dann tats\u00e4chlich ein Boot mit einem qualifizierten Lehrer zu einem Festpreis und segeln mit den Personen, die Sie angemeldet haben.<\/p>\n\n\n\n<p style=\"padding-top:var(--wp--preset--spacing--20);padding-bottom:var(--wp--preset--spacing--20)\">Alle Kurse werden nach VDS-Standards durchgef\u00fchrt. Die Kurse sind modular aufgebaut, so dass jeder Segeltag Sie n\u00e4her an Ihr pers\u00f6nliches Ziel bzw. Ihr Wunschdiplom bringt. Die Dauer des Kurses spielt dabei keine Rolle.<\/p>\n\n\n\n<p class=\"has-link-color wp-elements-d397450a36056199d210c2c3b9322a1e\">Ist Ihr idealer Kurs nicht dabei? F\u00fchlen Sie sich frei zu <a href=\"https:\/\/www.aurasailing.nl\/de\/contact\/\" data-type=\"page\" data-id=\"1655\">Kontakt <\/a>mit uns, und wir werden alles tun, um einen ma\u00dfgeschneiderten Kurs f\u00fcr Sie zu realisieren!<\/p>\n<\/div><\/div>\n<\/div><\/div>\n<\/div><\/section><\/div>\n\n\n\n<div class=\"section-wrapper\" data-id=\"nVmw1N\"><section class=\"wp-block-gutenverse-section guten-element guten-section guten-nVmw1N layout-boxed align-stretch\"><div class=\"guten-container guten-column-gap-no\">\n<div class=\"wp-block-gutenverse-column guten-element guten-column guten-MG1EKe\"><div class=\"guten-column-wrapper\" data-id=\"MG1EKe\">\n<div class=\"section-wrapper\" data-id=\"x2Tw9O\"><section class=\"wp-block-gutenverse-section guten-element guten-section guten-x2Tw9O layout-boxed align-stretch\"><div class=\"guten-container guten-column-gap-no\">\n<div class=\"wp-block-gutenverse-column guten-element guten-column guten-UgR6QP animated guten-element-hide desktop-fadeInUp\"><div class=\"guten-column-wrapper\" data-id=\"UgR6QP\">\n<div class=\"wp-block-gutenverse-image guten-element guten-image guten-EzcVgZ\"><a class=\"guten-image-wrapper\" href=\"https:\/\/www.aurasailing.nl\/de\/cursussen2025\/vds_5_tage_yachtsegelkurs_privat\/\"><img fetchpriority=\"high\" decoding=\"async\" class=\"gutenverse-image-box-filled\" src=\"https:\/\/www.aurasailing.nl\/wp-content\/uploads\/2024\/12\/IMG-20240917-WA0044-scaled.jpg\" height=\"1440\" width=\"2560\"\/><\/a><\/div>\n\n\n\n<h6 class=\"wp-block-gutenverse-heading guten-element guten-PPzxA0\"><strong><strong><strong><strong>VDS 5-Tage Privatkurs <\/strong><\/strong><\/strong><\/strong>\u201c<strong><strong><strong><strong>Segelschein Yacht<\/strong><\/strong><\/strong><\/strong>\" (DE)<br>Ab 1.935 \u20ac pro Schiff\/ max. 4 Personen<\/h6>\n\n\n\n<div class=\"guten-element gutenverse-text-editor guten-U2sp6l\"><div class=\"text-content-inner\">\n<p class=\"has-primary-color has-text-color has-link-color wp-elements-dc4fc6a7452b2248e1c902c24cd75036\">Nehmen Sie gemeinsam mit Ihrem Partner, Ihrer Familie oder Freunden an diesem 5-t\u00e4gigen Intensiv-Privatkurs nach dem Leitfaden des VDS (Verband Deutscher Sportbootschulen) auf einer komfortablen 34-38-Fu\u00df-Kaj\u00fctyacht teil. F\u00fcr alle, die schnell und direkt in die Praxis des Yachtsegelns einsteigen wollen: Der VDS-Yachtschein erm\u00f6glicht es, eine Yacht sicher und entspannt zu segeln - ohne die umfangreiche theoretische Ausbildung des SKS (Sportk\u00fcstenschifferschein) absolvieren zu m\u00fcssen. Mit der praktischen Ausbildung, kombiniert mit dem offiziellen SBF SEE-Segelschein, k\u00f6nnen Sie fast \u00fcberall eine Segelyacht mieten, auch im Ausland. Unter der Anleitung eines Privatlehrers lernen Sie, selbstst\u00e4ndig zu segeln, sicher zu man\u00f6vrieren und in entspannter Atmosph\u00e4re zusammenzuarbeiten. Der Kurs wird in deutscher Sprache unterrichtet.<\/p>\n<\/div><\/div>\n\n\n\n<div class=\"section-wrapper\" data-id=\"ULqcHL\"><section class=\"wp-block-gutenverse-section guten-element guten-section guten-ULqcHL layout-boxed align-stretch\"><div class=\"guten-container guten-column-gap-no\">\n<div class=\"wp-block-gutenverse-column guten-element guten-column guten-eySmxZ\"><div class=\"guten-column-wrapper\" data-id=\"eySmxZ\">\n<div class=\"guten-element guten-button-wrapper guten-l8t1pC\"><a class=\"guten-button guten-button-sm\" href=\"https:\/\/www.aurasailing.nl\/de\/cursussen2025\/vds_5_tage_yachtsegelkurs_privat\/\"><span>mehr Info<\/span><\/a><\/div>\n<\/div><\/div>\n<\/div><\/section><\/div>\n<\/div><\/div>\n<\/div><\/section><\/div>\n<\/div><\/div>\n\n\n\n<div class=\"wp-block-gutenverse-column guten-element guten-column guten-YoOHA8\"><div class=\"guten-column-wrapper\" data-id=\"YoOHA8\">\n<div class=\"section-wrapper\" data-id=\"x2Tw9O\"><section class=\"wp-block-gutenverse-section guten-element guten-section guten-x2Tw9O layout-boxed align-stretch\"><div class=\"guten-container guten-column-gap-no\">\n<div class=\"wp-block-gutenverse-column guten-element guten-column guten-UgR6QP animated guten-element-hide desktop-fadeInUp\"><div class=\"guten-column-wrapper\" data-id=\"UgR6QP\">\n<div class=\"wp-block-gutenverse-image guten-element guten-image guten-EzcVgZ\"><a class=\"guten-image-wrapper\" href=\"https:\/\/www.aurasailing.nl\/de\/cursussen2025\/vds_5_tage_yachtsegelkurs_individuell\/\"><img decoding=\"async\" class=\"gutenverse-image-box-filled\" src=\"https:\/\/www.aurasailing.nl\/wp-content\/uploads\/2024\/12\/IMG-20240917-WA0117.jpg\" height=\"747\" width=\"1600\"\/><\/a><\/div>\n\n\n\n<h6 class=\"wp-block-gutenverse-heading guten-element guten-PPzxA0\"><strong><strong><strong><strong>VDS 5-Tage-Kurs <\/strong><\/strong><\/strong><\/strong>\u201c<strong><strong><strong><strong>Segelschein Yacht<\/strong><\/strong><\/strong><\/strong>\u201d <strong><strong><strong><strong>individuell<\/strong><\/strong><\/strong><\/strong> (DE)<br>Ab 740 \u20ac pro Person <\/h6>\n\n\n\n<div class=\"guten-element gutenverse-text-editor guten-U2sp6l\"><div class=\"text-content-inner\">\n<p class=\"has-primary-color has-text-color has-link-color wp-elements-71f7b693c5a45627be57a3c3452b4315\">Nehmen Sie an diesem 5-t\u00e4gigen Intensivkurs nach dem Leitfaden des VDS (Verband Deutscher Sportbootschulen) auf einer komfortablen 34-38-Fu\u00df-Kaj\u00fctyacht teil, zusammen mit maximal zwei weiteren Kursteilnehmern. F\u00fcr alle, die schnell und direkt in die Praxis des Yachtsegelns eintauchen wollen: Der \"Segelschein Yacht\" des VDS erm\u00f6glicht es, eine Yacht sicher und entspannt zu segeln - ohne die umfangreiche theoretische Ausbildung des SKS (Sportk\u00fcstenschifferschein) absolvieren zu m\u00fcssen. Mit dieser praktischen Ausbildung und in Kombination mit dem amtlichen deutschen Segelschein SBF SEE k\u00f6nnen Sie fast \u00fcberall eine Segelyacht mieten, auch im Ausland. Der Kurs wird in deutscher Sprache unterrichtet.<\/p>\n<\/div><\/div>\n\n\n\n<div class=\"section-wrapper\" data-id=\"ULqcHL\"><section class=\"wp-block-gutenverse-section guten-element guten-section guten-ULqcHL layout-boxed align-stretch\"><div class=\"guten-container guten-column-gap-no\">\n<div class=\"wp-block-gutenverse-column guten-element guten-column guten-eySmxZ\"><div class=\"guten-column-wrapper\" data-id=\"eySmxZ\">\n<div class=\"guten-element guten-button-wrapper guten-l8t1pC\"><a class=\"guten-button guten-button-sm\" href=\"https:\/\/www.aurasailing.nl\/de\/cursussen2025\/vds_5_tage_yachtsegelkurs_individuell\/\"><span>mehr Info<\/span><\/a><\/div>\n<\/div><\/div>\n<\/div><\/section><\/div>\n<\/div><\/div>\n<\/div><\/section><\/div>\n<\/div><\/div>\n<\/div><\/section><\/div>","protected":false},"excerpt":{"rendered":"","protected":false},"author":1,"featured_media":0,"parent":652,"menu_order":0,"comment_status":"closed","ping_status":"closed","template":"template-basic","meta":{"footnotes":""},"class_list":["post-7006","page","type-page","status-publish","hentry"],"_links":{"self":[{"href":"https:\/\/www.aurasailing.nl\/de\/wp-json\/wp\/v2\/pages\/7006","targetHints":{"allow":["GET"]}}],"collection":[{"href":"https:\/\/www.aurasailing.nl\/de\/wp-json\/wp\/v2\/pages"}],"about":[{"href":"https:\/\/www.aurasailing.nl\/de\/wp-json\/wp\/v2\/types\/page"}],"author":[{"embeddable":true,"href":"https:\/\/www.aurasailing.nl\/de\/wp-json\/wp\/v2\/users\/1"}],"replies":[{"embeddable":true,"href":"https:\/\/www.aurasailing.nl\/de\/wp-json\/wp\/v2\/comments?post=7006"}],"version-history":[{"count":4,"href":"https:\/\/www.aurasailing.nl\/de\/wp-json\/wp\/v2\/pages\/7006\/revisions"}],"predecessor-version":[{"id":7067,"href":"https:\/\/www.aurasailing.nl\/de\/wp-json\/wp\/v2\/pages\/7006\/revisions\/7067"}],"up":[{"embeddable":true,"href":"https:\/\/www.aurasailing.nl\/de\/wp-json\/wp\/v2\/pages\/652"}],"wp:attachment":[{"href":"https:\/\/www.aurasailing.nl\/de\/wp-json\/wp\/v2\/media?parent=7006"}],"curies":[{"name":"wp","href":"https:\/\/api.w.org\/{rel}","templated":true}]}}