{"id":7032,"date":"2025-01-17T11:53:48","date_gmt":"2025-01-17T10:53:48","guid":{"rendered":"https:\/\/www.aurasailing.nl\/valk-cursussen-2024-2\/"},"modified":"2025-01-18T12:18:38","modified_gmt":"2025-01-18T11:18:38","slug":"vds-kielboot-kurse","status":"publish","type":"page","link":"https:\/\/www.aurasailing.nl\/de\/vds-kielboot-kurse\/","title":{"rendered":"VDS Jollensegeln"},"content":{"rendered":"<div class=\"section-wrapper\" data-id=\"DXYTvG\"><section class=\"wp-block-gutenverse-section guten-element guten-section guten-DXYTvG layout-boxed align-middle\"><div class=\"guten-background-overlay\"><\/div><div class=\"guten-container guten-column-gap-default\">\n<div class=\"wp-block-gutenverse-column guten-element guten-column guten-UyWHwF\"><div class=\"guten-column-wrapper\" data-id=\"UyWHwF\">\n<h1 class=\"wp-block-gutenverse-heading guten-element guten-oSnOnu animated guten-element-hide desktop-fadeInUp\">VDS-Kurse Jollensegeln<br>Segelgrundschein<\/h1>\n<\/div><\/div>\n<\/div><\/section><\/div>\n\n\n\n<div class=\"section-wrapper\" data-id=\"B5CBL9\"><section class=\"wp-block-gutenverse-section guten-element guten-section guten-B5CBL9 layout-boxed align-stretch\"><div class=\"guten-container guten-column-gap-no\">\n<div class=\"wp-block-gutenverse-column guten-element guten-column guten-YzGHOP\"><div class=\"guten-column-wrapper\" data-id=\"YzGHOP\">\n<h2 class=\"wp-block-gutenverse-heading guten-element guten-nUWUZP animated guten-element-hide desktop-fadeInLeft\">VDS-Jollensegeln Kurse<\/h2>\n\n\n\n<div class=\"guten-element gutenverse-text-editor guten-UTcPyQ animated guten-element-hide desktop-fadeInLeft\"><div class=\"text-content-inner\">\n<p class=\"has-link-color wp-elements-b97ae696a63116785e1be4c5b958249b\" style=\"padding-top:var(--wp--preset--spacing--20);padding-bottom:var(--wp--preset--spacing--20)\">Aura Sailing bietet die VDS-Kielbootkurse \"Segelgrundschein\" f\u00fcr Segelneulinge an. Sie k\u00f6nnen den Kurs \"individuell\" buchen, indem Sie zusammen mit anderen Erwachsenen teilnehmen, oder Sie w\u00e4hlen einen \"Privatkurs\" und buchen f\u00fcr sich und Ihren Partner, Ihre Familie, Freunde oder Kollegen. Bei einem Privatkurs sind keine anderen \"Fremden\" an Bord. Sie mieten dann tats\u00e4chlich ein Boot mit einem qualifizierten Privatlehrer zu einem Festpreis und segeln mit den von Ihnen angemeldeten Personen. Die Kurse sind modular aufgebaut, so dass Sie mit jedem Segeltag Ihrem pers\u00f6nlichen Ziel oder Wunschdiplom n\u00e4her kommen. Die Dauer des Kurses spielt dabei keine Rolle.<\/p>\n<\/div><\/div>\n<\/div><\/div>\n<\/div><\/section><\/div>\n\n\n\n<div class=\"section-wrapper\" data-id=\"lihzof\"><section class=\"wp-block-gutenverse-section guten-element guten-section guten-lihzof layout-boxed align-stretch\"><div class=\"guten-container guten-column-gap-no\">\n<div class=\"wp-block-gutenverse-column guten-element guten-column guten-Mqnten\"><div class=\"guten-column-wrapper\" data-id=\"Mqnten\">\n<div class=\"section-wrapper\" data-id=\"x2Tw9O\"><section class=\"wp-block-gutenverse-section guten-element guten-section guten-x2Tw9O layout-boxed align-stretch\"><div class=\"guten-container guten-column-gap-no\">\n<div class=\"wp-block-gutenverse-column guten-element guten-column guten-UgR6QP animated guten-element-hide desktop-fadeInUp\"><div class=\"guten-column-wrapper\" data-id=\"UgR6QP\">\n<div class=\"wp-block-gutenverse-image guten-element guten-image guten-EzcVgZ\"><a class=\"guten-image-wrapper\" href=\"https:\/\/www.aurasailing.nl\/de\/cursussen2025\/vds-segelgrundschein-jolle-privat\/\"><img fetchpriority=\"high\" decoding=\"async\" class=\"gutenverse-image-box-filled\" src=\"https:\/\/www.aurasailing.nl\/wp-content\/uploads\/2024\/12\/jeroen_cursus_12_08_23_0357-scaled.jpg\" height=\"1920\" width=\"2560\"\/><\/a><\/div>\n\n\n\n<h6 class=\"wp-block-gutenverse-heading guten-element guten-PPzxA0\">VDS Segelgrundschein Jolle Privatkurs (3 Tage)<br>840 \u20ac pro Boot\/ max. 4 Personen<\/h6>\n\n\n\n<div class=\"guten-element gutenverse-text-editor guten-U2sp6l\"><div class=\"text-content-inner\">\n<p class=\"has-primary-color has-text-color has-link-color wp-elements-2b6133dfbebbe16315796adbd62dd312\">Im 3-t\u00e4gigen VDS-Segelkurs \"Segelgrundschein Jolle\" erlernen Sie in der Gruppe, zusammen mit Ihrem Partner, Freunden, Kollegen oder der Familie, unter Anleitung eines erfahrenen Privatlehrers die Grundfertigkeiten f\u00fcr das Segeln eines offenen Segelbootes (Jolle). Der Kurs ist so konzipiert, dass Sie sich auf praktische Weise die Grundkenntnisse aneignen, um eine Jolle bei einfachen Wetterbedingungen (Leichtwind) selbst\u00e4ndig zu segeln. Nach einer abschlie\u00dfenden theoretischen und praktischen Pr\u00fcfung erhalten Sie das Zertifikat \"Segelgrundschein Jolle\". Mit diesem Schein k\u00f6nnen Sie grunds\u00e4tzlich auf allen Gew\u00e4ssern in Deutschland eine Jolle mieten (bekannte Ausnahmen: Berliner Gew\u00e4sser und Bodensee). Genie\u00dfen Sie 3 Tage Segelspa\u00df auf einem offenen Kielboot und lernen Sie die Grundlagen des Segelns. Der Kurs bietet Platz f\u00fcr bis zu vier Personen und ist auch f\u00fcr Familien mit Kindern geeignet (nach Absprache). W\u00e4hrend der entspannten und informativen Tage erhalten Sie eine praktische Einweisung und entdecken die Freude am Segeln in der sch\u00f6nen friesischen Seenlandschaft.<\/p>\n<\/div><\/div>\n\n\n\n<div class=\"section-wrapper\" data-id=\"ULqcHL\"><section class=\"wp-block-gutenverse-section guten-element guten-section guten-ULqcHL layout-boxed align-stretch\"><div class=\"guten-container guten-column-gap-no\">\n<div class=\"wp-block-gutenverse-column guten-element guten-column guten-eySmxZ\"><div class=\"guten-column-wrapper\" data-id=\"eySmxZ\">\n<div class=\"guten-element guten-button-wrapper guten-l8t1pC\"><a class=\"guten-button guten-button-sm\" href=\"https:\/\/www.aurasailing.nl\/de\/cursussen2025\/vds-segelgrundschein-jolle-privat\/\"><span>mehr Info<\/span><\/a><\/div>\n<\/div><\/div>\n<\/div><\/section><\/div>\n<\/div><\/div>\n<\/div><\/section><\/div>\n<\/div><\/div>\n\n\n\n<div class=\"wp-block-gutenverse-column guten-element guten-column guten-EcKTuH\"><div class=\"guten-column-wrapper\" data-id=\"EcKTuH\">\n<div class=\"section-wrapper\" data-id=\"x2Tw9O\"><section class=\"wp-block-gutenverse-section guten-element guten-section guten-x2Tw9O layout-boxed align-stretch\"><div class=\"guten-container guten-column-gap-no\">\n<div class=\"wp-block-gutenverse-column guten-element guten-column guten-UgR6QP animated guten-element-hide desktop-fadeInUp\"><div class=\"guten-column-wrapper\" data-id=\"UgR6QP\">\n<div class=\"wp-block-gutenverse-image guten-element guten-image guten-EzcVgZ\"><a class=\"guten-image-wrapper\" href=\"https:\/\/www.aurasailing.nl\/de\/cursussen2025\/vds-segelgrundschein-jolle-individuell\/\"><img decoding=\"async\" class=\"gutenverse-image-box-filled\" src=\"https:\/\/www.aurasailing.nl\/wp-content\/uploads\/2022\/12\/Valk4_3.jpg\" height=\"1200\" width=\"1600\"\/><\/a><\/div>\n\n\n\n<h6 class=\"wp-block-gutenverse-heading guten-element guten-PPzxA0\">VDS Segelgrundschein Jolle individuell (3 Tage)<br>\u20ac330 pro Person<\/h6>\n\n\n\n<div class=\"guten-element gutenverse-text-editor guten-U2sp6l\"><div class=\"text-content-inner\">\n<p class=\"has-primary-color has-text-color has-link-color wp-elements-772c566cf203712941a16dc710dc4757\">Schlie\u00dfen Sie sich einer Gruppe von bis zu drei Teilnehmern an und absolvieren Sie den dreit\u00e4gigen Kurs auf einem Kielboot (Valk). In diesem Segelkurs f\u00fcr den Segel-Grundschein erlernen Sie die grundlegenden F\u00e4higkeiten zum Segeln eines offenen Segelbootes (Jolle). Der Kurs ist so konzipiert, dass Sie auf praktische Weise die notwendigen Kenntnisse erwerben, um eine Jolle bei einfachen Wetterbedingungen (Leichtwind) selbst\u00e4ndig zu segeln. Nach einer abschlie\u00dfenden theoretischen und praktischen Pr\u00fcfung erhalten Sie Ihr Basic Sailing Certificate. Mit diesem Schein k\u00f6nnen Sie prinzipiell auf allen Gew\u00e4ssern eine Jolle mieten (bekannte Ausnahmen: Berliner Gew\u00e4sser und Bodensee).<\/p>\n\n\n\n<p class=\"has-primary-color has-text-color has-link-color wp-elements-749dd8783ecb15de0db497e8b5fefd53\">Dieser Kurs ist ideal f\u00fcr Anf\u00e4nger, die Schritt f\u00fcr Schritt lernen wollen, aber auch f\u00fcr Fortgeschrittene geeignet, die ihre F\u00e4higkeiten verbessern wollen. Die friesische Seenlandschaft bildet die Kulisse f\u00fcr diesen Kurs. Mindestalter: 12 Jahre.<\/p>\n<\/div><\/div>\n\n\n\n<div class=\"section-wrapper\" data-id=\"ULqcHL\"><section class=\"wp-block-gutenverse-section guten-element guten-section guten-ULqcHL layout-boxed align-stretch\"><div class=\"guten-container guten-column-gap-no\">\n<div class=\"wp-block-gutenverse-column guten-element guten-column guten-eySmxZ\"><div class=\"guten-column-wrapper\" data-id=\"eySmxZ\">\n<div class=\"guten-element guten-button-wrapper guten-l8t1pC\"><a class=\"guten-button guten-button-sm\" href=\"https:\/\/www.aurasailing.nl\/de\/cursussen2025\/vds-segelgrundschein-jolle-individuell\/\"><span>mehr Info<\/span><\/a><\/div>\n<\/div><\/div>\n<\/div><\/section><\/div>\n<\/div><\/div>\n<\/div><\/section><\/div>\n<\/div><\/div>\n<\/div><\/section><\/div>","protected":false},"excerpt":{"rendered":"","protected":false},"author":1,"featured_media":0,"parent":0,"menu_order":0,"comment_status":"closed","ping_status":"closed","template":"template-basic","meta":{"footnotes":""},"class_list":["post-7032","page","type-page","status-publish","hentry"],"_links":{"self":[{"href":"https:\/\/www.aurasailing.nl\/de\/wp-json\/wp\/v2\/pages\/7032","targetHints":{"allow":["GET"]}}],"collection":[{"href":"https:\/\/www.aurasailing.nl\/de\/wp-json\/wp\/v2\/pages"}],"about":[{"href":"https:\/\/www.aurasailing.nl\/de\/wp-json\/wp\/v2\/types\/page"}],"author":[{"embeddable":true,"href":"https:\/\/www.aurasailing.nl\/de\/wp-json\/wp\/v2\/users\/1"}],"replies":[{"embeddable":true,"href":"https:\/\/www.aurasailing.nl\/de\/wp-json\/wp\/v2\/comments?post=7032"}],"version-history":[{"count":9,"href":"https:\/\/www.aurasailing.nl\/de\/wp-json\/wp\/v2\/pages\/7032\/revisions"}],"predecessor-version":[{"id":7086,"href":"https:\/\/www.aurasailing.nl\/de\/wp-json\/wp\/v2\/pages\/7032\/revisions\/7086"}],"wp:attachment":[{"href":"https:\/\/www.aurasailing.nl\/de\/wp-json\/wp\/v2\/media?parent=7032"}],"curies":[{"name":"wp","href":"https:\/\/api.w.org\/{rel}","templated":true}]}}